{"id":1613,"date":"2025-11-30T16:16:50","date_gmt":"2025-11-30T15:16:50","guid":{"rendered":"https:\/\/coffee-time.fr\/boutique\/?page_id=1613"},"modified":"2025-11-30T22:16:52","modified_gmt":"2025-11-30T21:16:52","slug":"le-gouffre-de-helm-5-illustrations-pour-une-bataille","status":"publish","type":"page","link":"https:\/\/coffee-time.fr\/boutique\/le-gouffre-de-helm-5-illustrations-pour-une-bataille\/","title":{"rendered":"Le gouffre de Helm : 5 illustrations pour une bataille !"},"content":{"rendered":"\n<hr class=\"wp-block-separator has-alpha-channel-opacity\"\/>\n\n\n\n<blockquote class=\"wp-block-quote is-layout-flow wp-block-quote-is-layout-flow\">\n<p>Voici venue l\u2019heure de tirer l\u2019\u00e9p\u00e9e ensemble ! Cruaut\u00e9 r\u00e9veille-toi ! Qu\u2019importe le courroux, qu\u2019importe la ruine et que l\u2019aube soit rouge ! Pour Eorlingas ! <em><strong>Th\u00e9oden &#8211; Le seigneur des anneaux les deux tours.<\/strong><\/em><\/p>\n<\/blockquote>\n\n\n\n<hr class=\"wp-block-separator has-alpha-channel-opacity\"\/>\n\n\n\n<h2 class=\"wp-block-heading\">Un peu d&rsquo;histoire &#8230;<\/h2>\n\n\n\n<div class=\"wp-block-columns is-layout-flex wp-container-core-columns-is-layout-28f84493 wp-block-columns-is-layout-flex\">\n<div class=\"wp-block-column is-vertically-aligned-center is-layout-flow wp-block-column-is-layout-flow\">\n<p>J\u2019ai toujours eu un faible pour la fantasy \u2014 et pour la SF aussi, mais c\u2019est une autre histoire\u2026 L\u2019univers cr\u00e9\u00e9 par Tolkien r\u00e9sonne profond\u00e9ment en moi et ne cesse de m\u2019\u00e9merveiller. Lire et relire son \u0153uvre est pour moi un plaisir constant : chaque fois, j\u2019imagine les paysages et les personnages qu\u2019il d\u00e9crit avec tant de finesse.<\/p>\n\n\n\n<p>Parmi ces moments inoubliables, la bataille du Gouffre de Helm occupe une place particuli\u00e8re. C\u2019est un passage puissant \u00e0 lire, et Peter Jackson en a livr\u00e9 une adaptation magistrale.<\/p>\n\n\n\n<p>J\u2019ai donc eu envie de m\u00ealer l\u2019impressionnisme, mon travail, et cette sc\u00e8ne mythique. Ne trouvant pas d\u2019angle d\u2019attaque satisfaisant au d\u00e9part, j\u2019ai finalement imagin\u00e9 une narration en cinq illustrations, retra\u00e7ant les premi\u00e8res minutes de la bataille.<\/p>\n\n\n\n<p>Voici le r\u00e9sultat de ce projet !<\/p>\n<\/div>\n\n\n\n<div class=\"wp-block-column is-vertically-aligned-center is-layout-flow wp-block-column-is-layout-flow\">\n<figure class=\"wp-block-image size-full\"><a href=\"https:\/\/coffee-time.fr\/boutique\/produit\/amon-sul-tolkien\/\" target=\"_blank\" rel=\" noreferrer noopener\"><img loading=\"lazy\" decoding=\"async\" width=\"720\" height=\"900\" src=\"https:\/\/coffee-time.fr\/boutique\/wp-content\/uploads\/2025\/06\/mes-amonsul-shop-e1757665372477.jpg\" alt=\"\" class=\"wp-image-1472\"\/><\/a><figcaption class=\"wp-element-caption\">Amon s\u00fbl<\/figcaption><\/figure>\n\n\n\n<p><\/p>\n<\/div>\n<\/div>\n\n\n\n<hr class=\"wp-block-separator has-alpha-channel-opacity\"\/>\n\n\n\n<p>Je voulais montrer les tout premiers instants de la bataille, ce moment o\u00f9 la tension atteint son comble juste avant l\u2019assaut. J\u2019ai pens\u00e9 chaque illustration pour qu\u2019elle puisse exister seule, mais, une fois r\u00e9unies, elles composent une v\u00e9ritable narration.<\/p>\n\n\n\n<div class=\"wp-block-columns is-layout-flex wp-container-core-columns-is-layout-28f84493 wp-block-columns-is-layout-flex\">\n<div class=\"wp-block-column is-layout-flow wp-block-column-is-layout-flow\">\n<figure class=\"wp-block-image size-full\"><img loading=\"lazy\" decoding=\"async\" width=\"842\" height=\"1080\" src=\"https:\/\/coffee-time.fr\/boutique\/wp-content\/uploads\/2025\/11\/ensemble-gouffre-low.jpg\" alt=\"\" class=\"wp-image-1626\" srcset=\"https:\/\/coffee-time.fr\/boutique\/wp-content\/uploads\/2025\/11\/ensemble-gouffre-low.jpg 842w, https:\/\/coffee-time.fr\/boutique\/wp-content\/uploads\/2025\/11\/ensemble-gouffre-low-234x300.jpg 234w, https:\/\/coffee-time.fr\/boutique\/wp-content\/uploads\/2025\/11\/ensemble-gouffre-low-768x985.jpg 768w, https:\/\/coffee-time.fr\/boutique\/wp-content\/uploads\/2025\/11\/ensemble-gouffre-low-416x534.jpg 416w\" sizes=\"auto, (max-width: 842px) 100vw, 842px\" \/><figcaption class=\"wp-element-caption\">L&rsquo;ensemble des 5 illustrations forment un mur de 100x140cm<\/figcaption><\/figure>\n<\/div>\n<\/div>\n\n\n\n<p>La narration commence avec l\u2019arriv\u00e9e des Uruks devant les remparts, puis se poursuit avec le jeu de regards et de tensions entre les deux camps, jusqu\u2019au moment o\u00f9 les premi\u00e8res fl\u00e8ches sont tir\u00e9es. J\u2019ai voulu cr\u00e9er un effet miroir, une confrontation visuelle entre le bien et le mal.<br>Le tout est imprim\u00e9 sur toile comme d&rsquo;habitude, vous offrant le maximum de d\u00e9tails et de rendu, faisant honneur aussi \u00e0 mon travail et restant toujours dans cette veine tradigital.<\/p>\n\n\n\n<p><\/p>\n\n\n\n<hr class=\"wp-block-separator has-alpha-channel-opacity\"\/>\n\n\n\n<div class=\"wp-block-columns is-not-stacked-on-mobile is-layout-flex wp-container-core-columns-is-layout-28f84493 wp-block-columns-is-layout-flex\">\n<div class=\"wp-block-column is-vertically-aligned-center is-layout-flow wp-block-column-is-layout-flow\" style=\"flex-basis:100%\"><div data-block-name=\"woocommerce\/featured-product\" data-edit-mode=\"false\" data-image-fit=\"cover\" data-min-height=\"313\" data-product-id=\"1615\" data-show-desc=\"false\" class=\"wc-block-featured-product alignnone has-background-dim wp-block-woocommerce-featured-product\" style=\"min-height:313px;\"><div class=\"wc-block-featured-product__wrapper\"><div class=\"background-dim__overlay\" style=\"background-color: #000000\"><\/div><img decoding=\"async\" alt=\"Gouffre de Helm - devant les remparts - Part1\" class=\"wc-block-featured-product__background-image\" src=\"https:\/\/coffee-time.fr\/boutique\/wp-content\/uploads\/2025\/11\/c0c9c7a7-3827-44df-a7c2-a0f0dca3614e.jpg\" style=\"object-fit: cover;object-position: 50% 50%;\" \/><h2 class=\"wc-block-featured-product__title\">Gouffre de Helm &#8211; devant les remparts &#8211; Part1<\/h2><div class=\"wc-block-featured-product__price\"><span class=\"woocommerce-Price-amount amount\">110,00<span class=\"woocommerce-Price-currencySymbol\">&euro;<\/span><\/span><\/div><div class=\"wc-block-featured-product__inner-blocks\">\n\n<div class=\"wp-block-buttons is-content-justification-center is-layout-flex wp-container-core-buttons-is-layout-a89b3969 wp-block-buttons-is-layout-flex\">\n<div class=\"wp-block-button\"><a class=\"wp-block-button__link wp-element-button\" href=\"https:\/\/coffee-time.fr\/boutique\/produit\/gouffre-de-helm-devant-les-remparts-part2\/\">Acheter maintenant<\/a><\/div>\n<\/div>\n\n<\/div><\/div><\/div><\/div>\n<\/div>\n\n\n\n<hr class=\"wp-block-separator has-alpha-channel-opacity\" style=\"margin-top:var(--wp--preset--spacing--30);margin-bottom:var(--wp--preset--spacing--30)\"\/>\n\n\n<div data-block-name=\"woocommerce\/featured-product\" data-edit-mode=\"false\" data-focal-point=\"{&quot;x&quot;:0.49,&quot;y&quot;:0.52}\" data-image-fit=\"cover\" data-min-height=\"751\" data-product-id=\"1617\" data-show-desc=\"false\" class=\"wc-block-featured-product alignnone has-background-dim wp-block-woocommerce-featured-product\" style=\"min-height:751px;\"><div class=\"wc-block-featured-product__wrapper\"><div class=\"background-dim__overlay\" style=\"background-color: #000000\"><\/div><img decoding=\"async\" alt=\"Gouffre de Helm - Le Capitaine Uruk - part2\" class=\"wc-block-featured-product__background-image\" src=\"https:\/\/coffee-time.fr\/boutique\/wp-content\/uploads\/2025\/11\/12e2eaf9-0ffd-4aaa-838e-e492c956e393.jpg\" style=\"object-fit: cover;object-position: 49% 52%;\" \/><h2 class=\"wc-block-featured-product__title\">Gouffre de Helm &#8211; Le Capitaine Uruk &#8211; part2<\/h2><div class=\"wc-block-featured-product__price\"><span class=\"woocommerce-Price-amount amount\">95,00<span class=\"woocommerce-Price-currencySymbol\">&euro;<\/span><\/span><\/div><div class=\"wc-block-featured-product__inner-blocks\">\n\n<div class=\"wp-block-buttons is-content-justification-center is-layout-flex wp-container-core-buttons-is-layout-a89b3969 wp-block-buttons-is-layout-flex\">\n<div class=\"wp-block-button\"><a class=\"wp-block-button__link wp-element-button\" href=\"https:\/\/coffee-time.fr\/boutique\/produit\/gouffre-de-helm-devant-les-remparts-part2\/\">Acheter maintenant<\/a><\/div>\n<\/div>\n\n<\/div><\/div><\/div>\n\n\n<hr class=\"wp-block-separator has-alpha-channel-opacity\" style=\"margin-top:var(--wp--preset--spacing--30);margin-bottom:var(--wp--preset--spacing--30)\"\/>\n\n\n<div data-block-name=\"woocommerce\/featured-product\" data-edit-mode=\"false\" data-focal-point=\"{&quot;x&quot;:0.49,&quot;y&quot;:0.52}\" data-image-fit=\"cover\" data-product-id=\"1619\" data-show-desc=\"false\" class=\"wc-block-featured-product alignnone has-background-dim wp-block-woocommerce-featured-product\" style=\"min-height:500px;\"><div class=\"wc-block-featured-product__wrapper\"><div class=\"background-dim__overlay\" style=\"background-color: #000000\"><\/div><img decoding=\"async\" alt=\"Gouffre de Helm - Le Roi fait face ! - Part3\" class=\"wc-block-featured-product__background-image\" src=\"https:\/\/coffee-time.fr\/boutique\/wp-content\/uploads\/2025\/11\/d41270b8-b97b-492f-9cac-e515d1a7531e.jpg\" style=\"object-fit: cover;object-position: 49% 52%;\" \/><h2 class=\"wc-block-featured-product__title\">Gouffre de Helm &#8211; Le Roi fait face ! &#8211; Part3<\/h2><div class=\"wc-block-featured-product__price\"><span class=\"woocommerce-Price-amount amount\">95,00<span class=\"woocommerce-Price-currencySymbol\">&euro;<\/span><\/span><\/div><div class=\"wc-block-featured-product__inner-blocks\">\n\n<div class=\"wp-block-buttons is-content-justification-center is-layout-flex wp-container-core-buttons-is-layout-a89b3969 wp-block-buttons-is-layout-flex\">\n<div class=\"wp-block-button\"><a class=\"wp-block-button__link wp-element-button\" href=\"https:\/\/coffee-time.fr\/boutique\/produit\/gouffre-de-helm-devant-les-remparts-part3\/\">Acheter maintenant<\/a><\/div>\n<\/div>\n\n<\/div><\/div><\/div>\n\n\n<hr class=\"wp-block-separator has-alpha-channel-opacity\" style=\"margin-top:var(--wp--preset--spacing--30);margin-bottom:var(--wp--preset--spacing--30)\"\/>\n\n\n<div data-block-name=\"woocommerce\/featured-product\" data-edit-mode=\"false\" data-focal-point=\"{&quot;x&quot;:0.49,&quot;y&quot;:0.52}\" data-image-fit=\"cover\" data-min-height=\"243\" data-product-id=\"1621\" data-show-desc=\"false\" class=\"wc-block-featured-product alignnone has-background-dim wp-block-woocommerce-featured-product\" style=\"min-height:243px;\"><div class=\"wc-block-featured-product__wrapper\"><div class=\"background-dim__overlay\" style=\"background-color: #000000\"><\/div><img decoding=\"async\" alt=\"Gouffre de Helm - La pluie de fl\u00e8ches - Part4\" class=\"wc-block-featured-product__background-image\" src=\"https:\/\/coffee-time.fr\/boutique\/wp-content\/uploads\/2025\/11\/43da51a7-c74e-4036-ab90-405831f65414.jpg\" style=\"object-fit: cover;object-position: 49% 52%;\" \/><h2 class=\"wc-block-featured-product__title\">Gouffre de Helm &#8211; La pluie de fl\u00e8ches &#8211; Part4<\/h2><div class=\"wc-block-featured-product__price\"><span class=\"woocommerce-Price-amount amount\">65,00<span class=\"woocommerce-Price-currencySymbol\">&euro;<\/span><\/span><\/div><div class=\"wc-block-featured-product__inner-blocks\">\n\n<div class=\"wp-block-buttons is-content-justification-center is-layout-flex wp-container-core-buttons-is-layout-a89b3969 wp-block-buttons-is-layout-flex\">\n<div class=\"wp-block-button\"><a class=\"wp-block-button__link wp-element-button\" href=\"https:\/\/coffee-time.fr\/boutique\/produit\/gouffre-de-helm-devant-les-remparts-part4\/\">Acheter maintenant<\/a><\/div>\n<\/div>\n\n<\/div><\/div><\/div>\n\n\n<hr class=\"wp-block-separator has-alpha-channel-opacity\" style=\"margin-top:var(--wp--preset--spacing--30);margin-bottom:var(--wp--preset--spacing--30)\"\/>\n\n\n<div data-block-name=\"woocommerce\/featured-product\" data-edit-mode=\"false\" data-focal-point=\"{&quot;x&quot;:0.49,&quot;y&quot;:0.52}\" data-image-fit=\"cover\" data-min-height=\"280\" data-product-id=\"1624\" data-show-desc=\"false\" class=\"wc-block-featured-product alignnone has-background-dim wp-block-woocommerce-featured-product\" style=\"min-height:280px;\"><div class=\"wc-block-featured-product__wrapper\"><div class=\"background-dim__overlay\" style=\"background-color: #000000\"><\/div><img decoding=\"async\" alt=\"Gouffre de Helm - Que la bataille commence ! - Part5\" class=\"wc-block-featured-product__background-image\" src=\"https:\/\/coffee-time.fr\/boutique\/wp-content\/uploads\/2025\/11\/96e605a0-f92f-4df8-9795-0c25230731a3.jpg\" style=\"object-fit: cover;object-position: 49% 52%;\" \/><h2 class=\"wc-block-featured-product__title\">Gouffre de Helm &#8211; Que la bataille commence ! &#8211; Part5<\/h2><div class=\"wc-block-featured-product__price\"><span class=\"woocommerce-Price-amount amount\">110,00<span class=\"woocommerce-Price-currencySymbol\">&euro;<\/span><\/span><\/div><div class=\"wc-block-featured-product__inner-blocks\">\n\n<div class=\"wp-block-buttons is-content-justification-center is-layout-flex wp-container-core-buttons-is-layout-a89b3969 wp-block-buttons-is-layout-flex\">\n<div class=\"wp-block-button\"><a class=\"wp-block-button__link wp-element-button\" href=\"https:\/\/coffee-time.fr\/boutique\/produit\/gouffre-de-helm-devant-les-remparts-part5\/\">Acheter maintenant<\/a><\/div>\n<\/div>\n\n<\/div><\/div><\/div>\n\n\n<hr class=\"wp-block-separator has-alpha-channel-opacity\" style=\"margin-top:var(--wp--preset--spacing--30);margin-bottom:var(--wp--preset--spacing--30)\"\/>\n\n\n\n<p>J&rsquo;esp\u00e8re que ce projet vous plait ! Si jamais vous voulez habiller votre mur ( ou tout autre mur de personnes qui appr\u00e9cieront ) n&rsquo;h\u00e9sitez pas !<br>Puis envoyez moi surtout l&rsquo;installation en photo sur mon <a href=\"https:\/\/www.instagram.com\/mr_coffee_time\/\" data-type=\"link\" data-id=\"https:\/\/www.instagram.com\/mr_coffee_time\/\">instagram<\/a><\/p>\n\n\n\n<p><\/p>\n","protected":false},"excerpt":{"rendered":"<p>Voici venue l\u2019heure de tirer l\u2019\u00e9p\u00e9e ensemble ! Cruaut\u00e9 r\u00e9veille-toi ! Qu\u2019importe le courroux, qu\u2019importe la ruine et que l\u2019aube soit rouge ! Pour Eorlingas ! Th\u00e9oden &#8211; Le seigneur des anneaux les deux tours. Un peu d&rsquo;histoire &#8230; J\u2019ai toujours eu un faible pour la fantasy \u2014 et pour la SF aussi, mais c\u2019est [&hellip;]<\/p>\n","protected":false},"author":1,"featured_media":0,"parent":0,"menu_order":0,"comment_status":"closed","ping_status":"closed","template":"","meta":{"footnotes":""},"class_list":["post-1613","page","type-page","status-publish","hentry"],"_links":{"self":[{"href":"https:\/\/coffee-time.fr\/boutique\/wp-json\/wp\/v2\/pages\/1613","targetHints":{"allow":["GET"]}}],"collection":[{"href":"https:\/\/coffee-time.fr\/boutique\/wp-json\/wp\/v2\/pages"}],"about":[{"href":"https:\/\/coffee-time.fr\/boutique\/wp-json\/wp\/v2\/types\/page"}],"author":[{"embeddable":true,"href":"https:\/\/coffee-time.fr\/boutique\/wp-json\/wp\/v2\/users\/1"}],"replies":[{"embeddable":true,"href":"https:\/\/coffee-time.fr\/boutique\/wp-json\/wp\/v2\/comments?post=1613"}],"version-history":[{"count":14,"href":"https:\/\/coffee-time.fr\/boutique\/wp-json\/wp\/v2\/pages\/1613\/revisions"}],"predecessor-version":[{"id":1657,"href":"https:\/\/coffee-time.fr\/boutique\/wp-json\/wp\/v2\/pages\/1613\/revisions\/1657"}],"wp:attachment":[{"href":"https:\/\/coffee-time.fr\/boutique\/wp-json\/wp\/v2\/media?parent=1613"}],"curies":[{"name":"wp","href":"https:\/\/api.w.org\/{rel}","templated":true}]}}