{"id":288,"date":"2021-03-28T15:17:52","date_gmt":"2021-03-28T13:17:52","guid":{"rendered":"https:\/\/coffee-time.fr\/boutique\/?page_id=288"},"modified":"2021-10-01T14:32:10","modified_gmt":"2021-10-01T12:32:10","slug":"je-dessine-ma-region","status":"publish","type":"page","link":"https:\/\/coffee-time.fr\/boutique\/je-dessine-ma-region\/","title":{"rendered":"Je dessine ma r\u00e9gion"},"content":{"rendered":"\n<p><strong>L&rsquo;inspiration <\/strong>et <strong>l&rsquo;observation <\/strong>font parties int\u00e9grante du dessin, sans \u00e7a on ne peut pas cr\u00e9er.<br>Il faut donc se couper de l&rsquo;imaginaire, du \u00a0\u00bb <em>je le fais de t\u00eate<\/em>\u00a0\u00bb pour s&rsquo;arr\u00eater quelques temps et observer ce que la nature, notre r\u00e9gion, les paysages peuvent nous offrir.<br><br>Je vous pr\u00e9sente ici toutes les illustrations en posters que j&rsquo;ai pu r\u00e9aliser en m&rsquo;inspirant, en observant les paysages de ma r\u00e9gion.<br><br><\/p>\n\n\n\n<div class=\"wp-block-columns are-vertically-aligned-center is-layout-flex wp-container-core-columns-is-layout-28f84493 wp-block-columns-is-layout-flex\">\n<div class=\"wp-block-column is-vertically-aligned-center is-layout-flow wp-block-column-is-layout-flow\" style=\"flex-basis:50%\">\n<h4 class=\"wp-block-heading\">Saint Vivien &#8211; Dordogne<\/h4>\n\n\n\n<p>Un peu \u00e0 la mani\u00e8re de Monet, j&rsquo;ai un endroit que j&rsquo;appr\u00e9cie le plus. <br>Cette vall\u00e9e \u00e0 <strong>Saint Vivien<\/strong> ( non loin de Paussac ) donne au loin sur le <a rel=\"noreferrer noopener\" href=\"https:\/\/fr.wikipedia.org\/wiki\/Ch%C3%A2teau_de_Marouatte\" data-type=\"URL\" data-id=\"https:\/\/fr.wikipedia.org\/wiki\/Ch%C3%A2teau_de_Marouatte\" target=\"_blank\">Ch\u00e2teau de Marouatte<\/a> .<br>Je connais cette endroit depuis tout petit et jamais je m&rsquo;en lasse.<br>J&rsquo;aime regarder, prendre le temps observer cet endroit tout au long de l&rsquo;ann\u00e9e, du jour, et l&rsquo;heure.<br>&#8211;<br>Vous avez d&rsquo;ailleurs d\u00fb voir cet endroit dans plusieurs de mes vid\u00e9os<\/p>\n<\/div>\n\n\n\n<div class=\"wp-block-column is-vertically-aligned-center is-layout-flow wp-block-column-is-layout-flow\" style=\"flex-basis:50%\"><\/div>\n<\/div>\n\n\n\n<div class=\"wp-block-columns are-vertically-aligned-center has-very-light-gray-to-cyan-bluish-gray-gradient-background has-background is-layout-flex wp-container-core-columns-is-layout-28f84493 wp-block-columns-is-layout-flex\">\n<div class=\"wp-block-column is-vertically-aligned-center is-layout-flow wp-block-column-is-layout-flow\" style=\"flex-basis:50%\"><\/div>\n\n\n\n<div class=\"wp-block-column is-vertically-aligned-center is-layout-flow wp-block-column-is-layout-flow\" style=\"flex-basis:50%\">\n<h4 class=\"wp-block-heading\">Le Chemin &#8211; Dordogne<\/h4>\n\n\n\n<p>Le chemin qui m\u00e8ne au Boulou ( petit cour d&rsquo;eau au pied d&rsquo;une falaise ).<br><br>J&rsquo;ai emprunt\u00e9 ce chemin un nombre incalculable de fois, et \u00e0 la mani\u00e8re de la vall\u00e9e de Saint Vivien, je m&rsquo;en lasse pas.<br>D\u00e9couvre une partie de ce chemin ici :<br><a rel=\"noreferrer noopener\" href=\"https:\/\/youtu.be\/INB9vHPmlps\" data-type=\"URL\" data-id=\"https:\/\/youtu.be\/INB9vHPmlps\" target=\"_blank\">Comment trouver l&rsquo;inspiration en dessin <\/a><br><\/p>\n<\/div>\n<\/div>\n\n\n\n<div class=\"wp-block-columns are-vertically-aligned-center is-layout-flex wp-container-core-columns-is-layout-28f84493 wp-block-columns-is-layout-flex\">\n<div class=\"wp-block-column is-vertically-aligned-center is-layout-flow wp-block-column-is-layout-flow\" style=\"flex-basis:50%\">\n<h4 class=\"wp-block-heading\">Saint Vivien, coucher de soleil &#8211; Dordogne<\/h4>\n\n\n\n<p>Je vous avez dit que j&rsquo;aimais cet endroit&#8230;<br>De jour comme de nuit, et quand la nuit pointe son nez, le paysage offre tout ce qu&rsquo;il peut en terme de couleurs.<\/p>\n<\/div>\n\n\n\n<div class=\"wp-block-column is-vertically-aligned-center is-layout-flow wp-block-column-is-layout-flow\" style=\"flex-basis:50%\"><\/div>\n<\/div>\n\n\n\n<div class=\"wp-block-columns are-vertically-aligned-center has-black-color has-very-light-gray-to-cyan-bluish-gray-gradient-background has-text-color has-background is-layout-flex wp-container-core-columns-is-layout-28f84493 wp-block-columns-is-layout-flex\">\n<div class=\"wp-block-column is-vertically-aligned-center is-layout-flow wp-block-column-is-layout-flow\" style=\"flex-basis:50%\"><\/div>\n\n\n\n<div class=\"wp-block-column is-vertically-aligned-center is-layout-flow wp-block-column-is-layout-flow\" style=\"flex-basis:50%\">\n<h4 class=\"wp-block-heading\">Le ch\u00e2teau de Bourdeilles<\/h4>\n\n\n\n<p>Autre endroit fascinant qu&rsquo;est ce village !<br>Pouvoir remonter le temps juste en se baladant dans les ruelles, pouvoir contempler un \u00e9difice qui a travers\u00e9 les \u00e2ges, le tout dans un cadre calme.<br>\u00c0 voir !<\/p>\n<\/div>\n<\/div>\n\n\n\n<div class=\"wp-block-columns are-vertically-aligned-center is-layout-flex wp-container-core-columns-is-layout-28f84493 wp-block-columns-is-layout-flex\">\n<div class=\"wp-block-column is-vertically-aligned-center is-layout-flow wp-block-column-is-layout-flow\" style=\"flex-basis:50%\">\n<h4 class=\"wp-block-heading\">Brant\u00f4me &#8211; La Venise du P\u00e9rigord<\/h4>\n\n\n\n<p>Une petite ville avec beaucoup de charme, entour\u00e9e d&rsquo;eau. On la nomme la Venise du P\u00e9rigord.<\/p>\n\n\n\n<p>Ici pour faire cette illustration, je me suis bas\u00e9 sur une photo que j&rsquo;ai fait du parc. <br>Il y a tellement \u00e0 voir et \u00e0 dessiner &#8230;<br>Bref, je ne peux que vous conseiller de visiter cette ville si vous \u00eates dans le coin.<br><\/p>\n<\/div>\n\n\n\n<div class=\"wp-block-column is-vertically-aligned-center is-layout-flow wp-block-column-is-layout-flow\" style=\"flex-basis:50%\"><\/div>\n<\/div>\n\n\n\n<hr class=\"wp-block-separator\"\/>\n\n\n\n<h2 class=\"has-text-align-center wp-block-heading\">Mes inspirations<\/h2>\n\n\n\n<figure class=\"wp-block-embed is-type-video is-provider-youtube wp-block-embed-youtube wp-embed-aspect-16-9 wp-has-aspect-ratio\"><div class=\"wp-block-embed__wrapper\">\n<iframe loading=\"lazy\" title=\"Comment trouver l&#039;inspiration en dessin - D\u00e9couverte &amp; paysage - Peinture Illustration sur Krita\" width=\"980\" height=\"551\" src=\"https:\/\/www.youtube.com\/embed\/INB9vHPmlps?feature=oembed\" frameborder=\"0\" allow=\"accelerometer; autoplay; clipboard-write; encrypted-media; gyroscope; picture-in-picture\" allowfullscreen><\/iframe>\n<\/div><\/figure>\n\n\n\n<figure class=\"wp-block-embed is-type-video is-provider-youtube wp-block-embed-youtube wp-embed-aspect-16-9 wp-has-aspect-ratio\"><div class=\"wp-block-embed__wrapper\">\n<iframe loading=\"lazy\" title=\"Comment trouver l&#039;inspiration en dessin - Le ch\u00e2teau de Bourdeilles - D\u00e9couverte &amp; paysage sur Krita\" width=\"980\" height=\"551\" src=\"https:\/\/www.youtube.com\/embed\/MZ7F6iqZFwc?feature=oembed\" frameborder=\"0\" allow=\"accelerometer; autoplay; clipboard-write; encrypted-media; gyroscope; picture-in-picture\" allowfullscreen><\/iframe>\n<\/div><\/figure>\n","protected":false},"excerpt":{"rendered":"<p>L&rsquo;inspiration et l&rsquo;observation font parties int\u00e9grante du dessin, sans \u00e7a on ne peut pas cr\u00e9er.Il faut donc se couper de l&rsquo;imaginaire, du \u00a0\u00bb je le fais de t\u00eate\u00a0\u00bb pour s&rsquo;arr\u00eater quelques temps et observer ce que la nature, notre r\u00e9gion, les paysages peuvent nous offrir. Je vous pr\u00e9sente ici toutes les illustrations en posters que [&hellip;]<\/p>\n","protected":false},"author":1,"featured_media":0,"parent":0,"menu_order":0,"comment_status":"closed","ping_status":"closed","template":"template-fullwidth.php","meta":{"footnotes":""},"class_list":["post-288","page","type-page","status-publish","hentry"],"_links":{"self":[{"href":"https:\/\/coffee-time.fr\/boutique\/wp-json\/wp\/v2\/pages\/288","targetHints":{"allow":["GET"]}}],"collection":[{"href":"https:\/\/coffee-time.fr\/boutique\/wp-json\/wp\/v2\/pages"}],"about":[{"href":"https:\/\/coffee-time.fr\/boutique\/wp-json\/wp\/v2\/types\/page"}],"author":[{"embeddable":true,"href":"https:\/\/coffee-time.fr\/boutique\/wp-json\/wp\/v2\/users\/1"}],"replies":[{"embeddable":true,"href":"https:\/\/coffee-time.fr\/boutique\/wp-json\/wp\/v2\/comments?post=288"}],"version-history":[{"count":25,"href":"https:\/\/coffee-time.fr\/boutique\/wp-json\/wp\/v2\/pages\/288\/revisions"}],"predecessor-version":[{"id":569,"href":"https:\/\/coffee-time.fr\/boutique\/wp-json\/wp\/v2\/pages\/288\/revisions\/569"}],"wp:attachment":[{"href":"https:\/\/coffee-time.fr\/boutique\/wp-json\/wp\/v2\/media?parent=288"}],"curies":[{"name":"wp","href":"https:\/\/api.w.org\/{rel}","templated":true}]}}