{"id":588,"date":"2021-10-15T11:26:48","date_gmt":"2021-10-15T09:26:48","guid":{"rendered":"https:\/\/coffee-time.fr\/boutique\/?page_id=588"},"modified":"2025-01-27T14:33:55","modified_gmt":"2025-01-27T13:33:55","slug":"commission","status":"publish","type":"page","link":"https:\/\/coffee-time.fr\/boutique\/commission\/","title":{"rendered":""},"content":{"rendered":"\n<div class=\"wp-block-media-text alignwide is-stacked-on-mobile\"><figure class=\"wp-block-media-text__media\"><img loading=\"lazy\" decoding=\"async\" width=\"1080\" height=\"1080\" src=\"https:\/\/coffee-time.fr\/boutique\/wp-content\/uploads\/2025\/01\/1.png\" alt=\"\" class=\"wp-image-1368 size-full\" srcset=\"https:\/\/coffee-time.fr\/boutique\/wp-content\/uploads\/2025\/01\/1.png 1080w, https:\/\/coffee-time.fr\/boutique\/wp-content\/uploads\/2025\/01\/1-300x300.png 300w, https:\/\/coffee-time.fr\/boutique\/wp-content\/uploads\/2025\/01\/1-150x150.png 150w, https:\/\/coffee-time.fr\/boutique\/wp-content\/uploads\/2025\/01\/1-768x768.png 768w, https:\/\/coffee-time.fr\/boutique\/wp-content\/uploads\/2025\/01\/1-324x324.png 324w, https:\/\/coffee-time.fr\/boutique\/wp-content\/uploads\/2025\/01\/1-416x416.png 416w, https:\/\/coffee-time.fr\/boutique\/wp-content\/uploads\/2025\/01\/1-100x100.png 100w\" sizes=\"auto, (max-width: 1080px) 100vw, 1080px\" \/><\/figure><div class=\"wp-block-media-text__content\">\n<p class=\"has-large-font-size\">En plus de la boutique, je vous propose ici un service de \u00a0\u00bb <strong>commission<\/strong> \u00ab\u00a0.<br>Vous connaissez ma fa\u00e7on de dessiner, de faire de l&rsquo;encrage et de la peinture digitale fa\u00e7on impressionniste.<\/p>\n<\/div><\/div>\n\n\n\n<div class=\"wp-block-media-text alignwide has-media-on-the-right is-stacked-on-mobile\"><div class=\"wp-block-media-text__content\">\n<p class=\"has-large-font-size\">L&rsquo;aspect peinture prend une place importante dans ma cr\u00e9ation, la r\u00e9alisation de brushs donnant pour effet de la peinture fra\u00eeche est primordiale.<br>De l\u00e0 est n\u00e9 le Tradigital, mon envie de faire du digital avec le style, <strong>dans le m\u00eame axe que l&rsquo;impressionnisme.<\/strong><\/p>\n\n\n\n<p class=\"has-large-font-size\"><\/p>\n<\/div><figure class=\"wp-block-media-text__media\"><img loading=\"lazy\" decoding=\"async\" width=\"1080\" height=\"1080\" src=\"https:\/\/coffee-time.fr\/boutique\/wp-content\/uploads\/2025\/01\/2.png\" alt=\"\" class=\"wp-image-1369 size-full\" srcset=\"https:\/\/coffee-time.fr\/boutique\/wp-content\/uploads\/2025\/01\/2.png 1080w, https:\/\/coffee-time.fr\/boutique\/wp-content\/uploads\/2025\/01\/2-300x300.png 300w, https:\/\/coffee-time.fr\/boutique\/wp-content\/uploads\/2025\/01\/2-150x150.png 150w, https:\/\/coffee-time.fr\/boutique\/wp-content\/uploads\/2025\/01\/2-768x768.png 768w, https:\/\/coffee-time.fr\/boutique\/wp-content\/uploads\/2025\/01\/2-324x324.png 324w, https:\/\/coffee-time.fr\/boutique\/wp-content\/uploads\/2025\/01\/2-416x416.png 416w, https:\/\/coffee-time.fr\/boutique\/wp-content\/uploads\/2025\/01\/2-100x100.png 100w\" sizes=\"auto, (max-width: 1080px) 100vw, 1080px\" \/><\/figure><\/div>\n\n\n\n<div class=\"wp-block-media-text alignwide is-stacked-on-mobile\"><figure class=\"wp-block-media-text__media\"><img loading=\"lazy\" decoding=\"async\" width=\"1080\" height=\"1080\" src=\"https:\/\/coffee-time.fr\/boutique\/wp-content\/uploads\/2025\/01\/3.png\" alt=\"\" class=\"wp-image-1370 size-full\" srcset=\"https:\/\/coffee-time.fr\/boutique\/wp-content\/uploads\/2025\/01\/3.png 1080w, https:\/\/coffee-time.fr\/boutique\/wp-content\/uploads\/2025\/01\/3-300x300.png 300w, https:\/\/coffee-time.fr\/boutique\/wp-content\/uploads\/2025\/01\/3-150x150.png 150w, https:\/\/coffee-time.fr\/boutique\/wp-content\/uploads\/2025\/01\/3-768x768.png 768w, https:\/\/coffee-time.fr\/boutique\/wp-content\/uploads\/2025\/01\/3-324x324.png 324w, https:\/\/coffee-time.fr\/boutique\/wp-content\/uploads\/2025\/01\/3-416x416.png 416w, https:\/\/coffee-time.fr\/boutique\/wp-content\/uploads\/2025\/01\/3-100x100.png 100w\" sizes=\"auto, (max-width: 1080px) 100vw, 1080px\" \/><\/figure><div class=\"wp-block-media-text__content\">\n<p class=\"has-large-font-size\">Vous me contactez avec votre demande, c&rsquo;est la prise de contacte.<br>En gros vous allez me d\u00e9tailler votre demande, avec un maximum de d\u00e9tails afin que je puisse saisir au mieux <\/p>\n\n\n\n<p>\u00c0 savoir que chaque commande est unique, faite rien que pour vous. Elle ne sera disponible que pour vous en <strong>UN<\/strong> seul exemplaire.<\/p>\n\n\n\n<p class=\"has-large-font-size\">Niveau contact vous avez le choix, un formulaire ci-dessous, via les diff\u00e9rents r\u00e9seaux o\u00f9 je suis pr\u00e9sent.<\/p>\n\n\n\n<h2 class=\"wp-block-heading\">Les r\u00e9seaux \u25ba <a style=\"font-family : Lato!important;\" href=\"https:\/\/linktr.ee\/mr_coffee_time\"><strong>LINKTREE<\/strong><\/a><\/h2>\n<\/div><\/div>\n\n\n\n<div class=\"wp-block-media-text alignwide has-media-on-the-right is-stacked-on-mobile is-vertically-aligned-center\"><div class=\"wp-block-media-text__content\">\n<p class=\"has-large-font-size\">Le devis est certifi\u00e9 et authentique, avec nom pr\u00e9nom, num\u00e9ro de siret &#8230;<\/p>\n\n\n\n<p>\u25ba Il me faudra d&rsquo;ailleurs des informations sur vous tel que pr\u00e9nom, nom, adresse, num\u00e9ro de t\u00e9l\u00e9phone ainsi qu&rsquo;une adresse mail valide afin d&rsquo;\u00e9tablir un devis en pdf.<\/p>\n\n\n\n<p>\u25ba Le devis sera d\u00e9taill\u00e9 et indiquera les diff\u00e9rentes \u00e9tapes de la cr\u00e9ation \u00e0 l&rsquo;impression.<\/p>\n\n\n\n<p>\u25ba L&rsquo;impression est en co\u00fbt suppl\u00e9mentaire et le tarif d\u00e9pendra du format voulu.<\/p>\n\n\n\n<p>\u25ba Je suis une entreprise, ceci est mon m\u00e9tier, les prix ne sont pas n\u00e9gociables.<\/p>\n\n\n\n<h2 class=\"wp-block-heading\"><\/h2>\n\n\n\n<p class=\"has-large-font-size\"><\/p>\n<\/div><figure class=\"wp-block-media-text__media\"><img loading=\"lazy\" decoding=\"async\" width=\"1080\" height=\"1080\" src=\"https:\/\/coffee-time.fr\/boutique\/wp-content\/uploads\/2025\/01\/4.png\" alt=\"\" class=\"wp-image-1371 size-full\" srcset=\"https:\/\/coffee-time.fr\/boutique\/wp-content\/uploads\/2025\/01\/4.png 1080w, https:\/\/coffee-time.fr\/boutique\/wp-content\/uploads\/2025\/01\/4-300x300.png 300w, https:\/\/coffee-time.fr\/boutique\/wp-content\/uploads\/2025\/01\/4-150x150.png 150w, https:\/\/coffee-time.fr\/boutique\/wp-content\/uploads\/2025\/01\/4-768x768.png 768w, https:\/\/coffee-time.fr\/boutique\/wp-content\/uploads\/2025\/01\/4-324x324.png 324w, https:\/\/coffee-time.fr\/boutique\/wp-content\/uploads\/2025\/01\/4-416x416.png 416w, https:\/\/coffee-time.fr\/boutique\/wp-content\/uploads\/2025\/01\/4-100x100.png 100w\" sizes=\"auto, (max-width: 1080px) 100vw, 1080px\" \/><\/figure><\/div>\n\n\n\n<hr class=\"wp-block-separator has-css-opacity alignwide margin: 15px\"\/>\n\n\n\n<hr class=\"wp-block-separator has-css-opacity is-style-wide\"\/>\n\n\n\n<h2 class=\"wp-block-heading alignfull has-text-align-center\">Les Tarifs, tout savoir.<\/h2>\n\n\n\n<hr class=\"wp-block-separator has-css-opacity\"\/>\n\n\n<div class=\"wp-block-image\">\n<figure class=\"aligncenter size-full\"><img loading=\"lazy\" decoding=\"async\" width=\"1080\" height=\"1080\" src=\"https:\/\/coffee-time.fr\/boutique\/wp-content\/uploads\/2025\/01\/5.png\" alt=\"\" class=\"wp-image-1372\" srcset=\"https:\/\/coffee-time.fr\/boutique\/wp-content\/uploads\/2025\/01\/5.png 1080w, https:\/\/coffee-time.fr\/boutique\/wp-content\/uploads\/2025\/01\/5-300x300.png 300w, https:\/\/coffee-time.fr\/boutique\/wp-content\/uploads\/2025\/01\/5-150x150.png 150w, https:\/\/coffee-time.fr\/boutique\/wp-content\/uploads\/2025\/01\/5-768x768.png 768w, https:\/\/coffee-time.fr\/boutique\/wp-content\/uploads\/2025\/01\/5-324x324.png 324w, https:\/\/coffee-time.fr\/boutique\/wp-content\/uploads\/2025\/01\/5-416x416.png 416w, https:\/\/coffee-time.fr\/boutique\/wp-content\/uploads\/2025\/01\/5-100x100.png 100w\" sizes=\"auto, (max-width: 1080px) 100vw, 1080px\" \/><\/figure>\n<\/div>\n\n\n<h2 class=\"wp-block-heading alignfull has-text-align-center\">Contactez moi pour votre demande <\/h2>\n\n\n\n<div class=\"wp-block-contact-form-7-contact-form-selector\">\n<div class=\"wpcf7 no-js\" id=\"wpcf7-f606-o1\" lang=\"fr-FR\" dir=\"ltr\" data-wpcf7-id=\"606\">\n<div class=\"screen-reader-response\"><p role=\"status\" aria-live=\"polite\" aria-atomic=\"true\"><\/p> <ul><\/ul><\/div>\n<form action=\"\/boutique\/wp-json\/wp\/v2\/pages\/588#wpcf7-f606-o1\" method=\"post\" class=\"wpcf7-form init\" aria-label=\"Formulaire de contact\" novalidate=\"novalidate\" data-status=\"init\">\n<fieldset class=\"hidden-fields-container\"><input type=\"hidden\" name=\"_wpcf7\" value=\"606\" \/><input type=\"hidden\" name=\"_wpcf7_version\" value=\"6.1.5\" \/><input type=\"hidden\" name=\"_wpcf7_locale\" value=\"fr_FR\" \/><input type=\"hidden\" name=\"_wpcf7_unit_tag\" value=\"wpcf7-f606-o1\" \/><input type=\"hidden\" name=\"_wpcf7_container_post\" value=\"0\" \/><input type=\"hidden\" name=\"_wpcf7_posted_data_hash\" value=\"\" \/><input type=\"hidden\" name=\"_wpcf7_recaptcha_response\" value=\"\" \/>\n<\/fieldset>\n<div style=\"text-align : center;\">\n\t<p><label> Votre nom<br \/>\n<span class=\"wpcf7-form-control-wrap\" data-name=\"Votre\"><input size=\"40\" maxlength=\"400\" class=\"wpcf7-form-control wpcf7-text wpcf7-validates-as-required\" aria-required=\"true\" aria-invalid=\"false\" value=\"\" type=\"text\" name=\"Votre\" \/><\/span> <\/label>\n\t<\/p>\n\t<p><label> Votre e-mail<br \/>\n<span class=\"wpcf7-form-control-wrap\" data-name=\"your-email\"><input size=\"40\" maxlength=\"400\" class=\"wpcf7-form-control wpcf7-email wpcf7-validates-as-required wpcf7-text wpcf7-validates-as-email\" aria-required=\"true\" aria-invalid=\"false\" value=\"\" type=\"email\" name=\"your-email\" \/><\/span> <\/label>\n\t<\/p>\n\t<p><label> Objet<br \/>\n<span class=\"wpcf7-form-control-wrap\" data-name=\"objet\"><input size=\"40\" maxlength=\"400\" class=\"wpcf7-form-control wpcf7-text wpcf7-validates-as-required\" aria-required=\"true\" aria-invalid=\"false\" value=\"\" type=\"text\" name=\"objet\" \/><\/span> <\/label>\n\t<\/p>\n\t<p><label> Votre message<br \/>\n<span class=\"wpcf7-form-control-wrap\" data-name=\"your-message\"><textarea cols=\"40\" rows=\"10\" maxlength=\"2000\" class=\"wpcf7-form-control wpcf7-textarea wpcf7-validates-as-required\" aria-required=\"true\" aria-invalid=\"false\" name=\"your-message\"><\/textarea><\/span> <\/label>\n\t<\/p>\n\n\t<p><input class=\"wpcf7-form-control wpcf7-submit has-spinner\" type=\"submit\" value=\"Envoyer\" \/>\n\t<\/p>\n<\/div><p style=\"display: none !important;\" class=\"akismet-fields-container\" data-prefix=\"_wpcf7_ak_\"><label>&#916;<textarea name=\"_wpcf7_ak_hp_textarea\" cols=\"45\" rows=\"8\" maxlength=\"100\"><\/textarea><\/label><input type=\"hidden\" id=\"ak_js_1\" name=\"_wpcf7_ak_js\" value=\"41\"\/><script>\ndocument.getElementById( \"ak_js_1\" ).setAttribute( \"value\", ( new Date() ).getTime() );\n<\/script>\n<\/p><div class=\"wpcf7-response-output\" aria-hidden=\"true\"><\/div>\n<\/form>\n<\/div>\n<\/div>\n","protected":false},"excerpt":{"rendered":"<p>En plus de la boutique, je vous propose ici un service de \u00a0\u00bb commission \u00ab\u00a0.Vous connaissez ma fa\u00e7on de dessiner, de faire de l&rsquo;encrage et de la peinture digitale fa\u00e7on impressionniste. L&rsquo;aspect peinture prend une place importante dans ma cr\u00e9ation, la r\u00e9alisation de brushs donnant pour effet de la peinture fra\u00eeche est primordiale.De l\u00e0 est [&hellip;]<\/p>\n","protected":false},"author":1,"featured_media":0,"parent":0,"menu_order":0,"comment_status":"closed","ping_status":"closed","template":"template-fullwidth.php","meta":{"footnotes":""},"class_list":["post-588","page","type-page","status-publish","hentry"],"_links":{"self":[{"href":"https:\/\/coffee-time.fr\/boutique\/wp-json\/wp\/v2\/pages\/588","targetHints":{"allow":["GET"]}}],"collection":[{"href":"https:\/\/coffee-time.fr\/boutique\/wp-json\/wp\/v2\/pages"}],"about":[{"href":"https:\/\/coffee-time.fr\/boutique\/wp-json\/wp\/v2\/types\/page"}],"author":[{"embeddable":true,"href":"https:\/\/coffee-time.fr\/boutique\/wp-json\/wp\/v2\/users\/1"}],"replies":[{"embeddable":true,"href":"https:\/\/coffee-time.fr\/boutique\/wp-json\/wp\/v2\/comments?post=588"}],"version-history":[{"count":34,"href":"https:\/\/coffee-time.fr\/boutique\/wp-json\/wp\/v2\/pages\/588\/revisions"}],"predecessor-version":[{"id":1375,"href":"https:\/\/coffee-time.fr\/boutique\/wp-json\/wp\/v2\/pages\/588\/revisions\/1375"}],"wp:attachment":[{"href":"https:\/\/coffee-time.fr\/boutique\/wp-json\/wp\/v2\/media?parent=588"}],"curies":[{"name":"wp","href":"https:\/\/api.w.org\/{rel}","templated":true}]}}