{"id":868,"date":"2023-01-23T14:18:56","date_gmt":"2023-01-23T13:18:56","guid":{"rendered":"https:\/\/coffee-time.fr\/boutique\/?page_id=868"},"modified":"2025-11-30T22:38:51","modified_gmt":"2025-11-30T21:38:51","slug":"comment-cest-imprime","status":"publish","type":"page","link":"https:\/\/coffee-time.fr\/boutique\/comment-cest-imprime\/","title":{"rendered":"Comment c&rsquo;est imprim\u00e9 ?"},"content":{"rendered":"\n<h2 class=\"wp-block-heading\">La joie du Canvas &#8211; Toile imprim\u00e9e<\/h2>\n\n\n\n<div class=\"wp-block-columns is-layout-flex wp-container-core-columns-is-layout-28f84493 wp-block-columns-is-layout-flex\">\n<div class=\"wp-block-column is-layout-flow wp-block-column-is-layout-flow\">\n<p><br><\/p>\n\n\n\n<figure class=\"wp-block-image size-full\"><a href=\"https:\/\/coffee-time.fr\/boutique\/produit\/les-ultramarines\/\" target=\"_blank\" rel=\" noreferrer noopener\"><img loading=\"lazy\" decoding=\"async\" width=\"1319\" height=\"2048\" src=\"https:\/\/coffee-time.fr\/boutique\/wp-content\/uploads\/2025\/11\/ca8c0514-4b48-4aa7-ab11-e8fff3adbc79.jpg\" alt=\"\" class=\"wp-image-1658\" srcset=\"https:\/\/coffee-time.fr\/boutique\/wp-content\/uploads\/2025\/11\/ca8c0514-4b48-4aa7-ab11-e8fff3adbc79.jpg 1319w, https:\/\/coffee-time.fr\/boutique\/wp-content\/uploads\/2025\/11\/ca8c0514-4b48-4aa7-ab11-e8fff3adbc79-193x300.jpg 193w, https:\/\/coffee-time.fr\/boutique\/wp-content\/uploads\/2025\/11\/ca8c0514-4b48-4aa7-ab11-e8fff3adbc79-768x1192.jpg 768w, https:\/\/coffee-time.fr\/boutique\/wp-content\/uploads\/2025\/11\/ca8c0514-4b48-4aa7-ab11-e8fff3adbc79-989x1536.jpg 989w, https:\/\/coffee-time.fr\/boutique\/wp-content\/uploads\/2025\/11\/ca8c0514-4b48-4aa7-ab11-e8fff3adbc79-416x646.jpg 416w\" sizes=\"auto, (max-width: 1319px) 100vw, 1319px\" \/><\/a><figcaption class=\"wp-element-caption\">Les ultramarines 60x40cm<\/figcaption><\/figure>\n<\/div>\n\n\n\n<div class=\"wp-block-column is-layout-flow wp-block-column-is-layout-flow\">\n<p><br>Au d\u00e9part je proposais des posters imprim\u00e9s sur papier photo haute qualit\u00e9.<\/p>\n\n\n\n<p><br>\u00c9tant seul dans mon activit\u00e9 et n&rsquo;ayant pas de fond illimit\u00e9, j&rsquo;avais un process d&rsquo;impression par paquet de 5 posters.<br>La qualit\u00e9 \u00e9tait au rendez-vous, malgr\u00e9 les d\u00e9fis que peuvent donner un papier photo ( griffures, pliures &#8230;).<br><br>Mais j&rsquo;ai toujours gard\u00e9 en t\u00eate d&rsquo;imprimer sur toile.<br>\u00c0 vrai dire je fais de l&rsquo;impressionnisme num\u00e9rique, pourquoi ne pas proposer \u00e0 la finalit\u00e9 des illustrations imprim\u00e9es sur toile, optimisant les textures donn\u00e9es \u00e0 mes dessins.<br><br>Donc j&rsquo;ai saut\u00e9 le pas, je vous propose d\u00e9sormais, le canvas comme mati\u00e8re principale pour l&rsquo;impression.<\/p>\n\n\n\n<div class=\"wp-block-buttons is-layout-flex wp-block-buttons-is-layout-flex\">\n<div class=\"wp-block-button\"><a class=\"wp-block-button__link wp-element-button\" href=\"https:\/\/coffee-time.fr\/boutique\/produit\/les-ultramarines\/\" target=\"_blank\" rel=\"noreferrer noopener\">voir le produit<\/a><\/div>\n<\/div>\n<\/div>\n<\/div>\n\n\n\n<div class=\"wp-block-columns is-layout-flex wp-container-core-columns-is-layout-28f84493 wp-block-columns-is-layout-flex\"><\/div>\n\n\n\n<hr class=\"wp-block-separator has-alpha-channel-opacity\"\/>\n\n\n\n<div class=\"wp-block-media-text alignwide is-stacked-on-mobile\"><figure class=\"wp-block-media-text__media\"><img loading=\"lazy\" decoding=\"async\" width=\"1080\" height=\"1350\" src=\"https:\/\/coffee-time.fr\/boutique\/wp-content\/uploads\/2025\/11\/expo-1.png\" alt=\"\" class=\"wp-image-1654 size-large\" srcset=\"https:\/\/coffee-time.fr\/boutique\/wp-content\/uploads\/2025\/11\/expo-1.png 1080w, https:\/\/coffee-time.fr\/boutique\/wp-content\/uploads\/2025\/11\/expo-1-240x300.png 240w, https:\/\/coffee-time.fr\/boutique\/wp-content\/uploads\/2025\/11\/expo-1-768x960.png 768w, https:\/\/coffee-time.fr\/boutique\/wp-content\/uploads\/2025\/11\/expo-1-416x520.png 416w\" sizes=\"auto, (max-width: 1080px) 100vw, 1080px\" \/><\/figure><div class=\"wp-block-media-text__content\">\n<h2 class=\"wp-block-heading\">Il faut se lancer un jour<\/h2>\n\n\n\n<p class=\"has-medium-font-size\">Effectivement, il faut se lancer&#8230;<br>J&rsquo;ai donc pris le pas d&rsquo;imprimer quelques illustrations, en diff\u00e9rents formats et avec diff\u00e9rentes teintes histoire de pouvoir juger la qualit\u00e9 avant de vous proposer les produits en boutique.<\/p>\n\n\n\n<p>Portrait de Dark Nihilus 20x30cm Canvas 350gr\/m\u00b2<\/p>\n\n\n\n<div class=\"wp-block-buttons is-layout-flex wp-block-buttons-is-layout-flex\">\n<div class=\"wp-block-button is-style-fill\"><a class=\"wp-block-button__link wp-element-button\" href=\"https:\/\/coffee-time.fr\/boutique\/produit\/rue-pluie-soiree\/\" target=\"_blank\" rel=\"noreferrer noopener\">VOIR LE PRODUIT<\/a><\/div>\n<\/div>\n<\/div><\/div>\n\n\n\n<div class=\"wp-block-media-text alignwide has-media-on-the-right is-stacked-on-mobile has-medium-font-size\"><div class=\"wp-block-media-text__content\">\n<h2 class=\"wp-block-heading\">Verdict ?<\/h2>\n\n\n\n<p>D\u00e8s la r\u00e9ception des imprim\u00e9s j&rsquo;\u00e9tais conquis. L&rsquo;impression est bien r\u00e9alis\u00e9e, les couleurs bien respect\u00e9es, les d\u00e9tails conserv\u00e9s.<br>Je pouvais alors remplacer les posters par l&rsquo;impression sur toile et pouvoir proposer plusieurs formats et plusieurs tarifs, plus abordable.<\/p>\n\n\n\n<p class=\"has-normal-font-size\"><\/p>\n\n\n\n<div class=\"wp-block-buttons is-layout-flex wp-block-buttons-is-layout-flex\"><\/div>\n<\/div><figure class=\"wp-block-media-text__media\"><img loading=\"lazy\" decoding=\"async\" width=\"1538\" height=\"2048\" src=\"https:\/\/coffee-time.fr\/boutique\/wp-content\/uploads\/2023\/11\/P1250742-1538x2048.jpg\" alt=\"\" class=\"wp-image-1088 size-full\" srcset=\"https:\/\/coffee-time.fr\/boutique\/wp-content\/uploads\/2023\/11\/P1250742-1538x2048.jpg 1538w, https:\/\/coffee-time.fr\/boutique\/wp-content\/uploads\/2023\/11\/P1250742-225x300.jpg 225w, https:\/\/coffee-time.fr\/boutique\/wp-content\/uploads\/2023\/11\/P1250742-768x1023.jpg 768w, https:\/\/coffee-time.fr\/boutique\/wp-content\/uploads\/2023\/11\/P1250742-1153x1536.jpg 1153w, https:\/\/coffee-time.fr\/boutique\/wp-content\/uploads\/2023\/11\/P1250742-416x554.jpg 416w, https:\/\/coffee-time.fr\/boutique\/wp-content\/uploads\/2023\/11\/P1250742-scaled.jpg 1922w\" sizes=\"auto, (max-width: 1538px) 100vw, 1538px\" \/><\/figure><\/div>\n\n\n\n<div class=\"wp-block-media-text alignwide is-stacked-on-mobile\"><figure class=\"wp-block-media-text__media\"><img loading=\"lazy\" decoding=\"async\" width=\"1538\" height=\"2048\" src=\"https:\/\/coffee-time.fr\/boutique\/wp-content\/uploads\/2025\/11\/P1450282-1-1538x2048.jpg\" alt=\"\" class=\"wp-image-1661 size-full\" srcset=\"https:\/\/coffee-time.fr\/boutique\/wp-content\/uploads\/2025\/11\/P1450282-1-1538x2048.jpg 1538w, https:\/\/coffee-time.fr\/boutique\/wp-content\/uploads\/2025\/11\/P1450282-1-225x300.jpg 225w, https:\/\/coffee-time.fr\/boutique\/wp-content\/uploads\/2025\/11\/P1450282-1-scaled.jpg 1922w\" sizes=\"auto, (max-width: 1538px) 100vw, 1538px\" \/><\/figure><div class=\"wp-block-media-text__content\">\n<h2 class=\"wp-block-heading\">Du coup, on commande comment ?<\/h2>\n\n\n\n<p class=\"has-medium-font-size\">On part d&rsquo;un syst\u00e8me de pr\u00e9commande.<br>Vous verrez, tous les produits que je propose sont en pr\u00e9commande. Tout simplement du fait de la disponibilit\u00e9 de la mati\u00e8re.<br><br>Les prix de la toile \u00e9voluant, je pr\u00e9f\u00e8re mettre en pr\u00e9commande et avoir le prix de la mati\u00e8re au plus bas pour que vous puissiez avoir votre illustration et moi ma r\u00e9tribution.<br><br>D\u00e8s votre commande, je vous \u00e9crirai afin de vous tenir au courant de la rapidit\u00e9 ( ou non ) de la commande. Si le d\u00e9lai en cas de hausse des prix de la mati\u00e8re est vraiment trop important ( + de 15 jours ) j&rsquo;annulerai votre commande.<\/p>\n\n\n\n<h2 class=\"wp-block-heading\">La transaction, \u00e7a prend combien de temps ?<\/h2>\n\n\n\n<p>L&rsquo;impression ne sera lanc\u00e9e qu&rsquo;apr\u00e8s r\u00e9ception et validation du montant de la commande.<br>Le module WooCommerce fait les transactions sur une semaine. Ainsi, d\u00e8s que vous faites votre commande, il faut compter 7 jours avant que le montant de votre commande arrive et que je puisse lancer l&rsquo;impression.<\/p>\n<\/div><\/div>\n\n\n\n<div style=\"height:100px\" aria-hidden=\"true\" class=\"wp-block-spacer\"><\/div>\n\n\n\n<hr class=\"wp-block-separator has-alpha-channel-opacity\"\/>\n\n\n\n<div class=\"wp-block-columns is-layout-flex wp-container-core-columns-is-layout-28f84493 wp-block-columns-is-layout-flex\">\n<div class=\"wp-block-column is-layout-flow wp-block-column-is-layout-flow\">\n<h2 class=\"wp-block-heading has-text-align-center\">Le Canvas c&rsquo;est quoi ?<\/h2>\n\n\n\n<p class=\"has-text-align-center\">Les dessins sont imprim\u00e9s sur toile canvas 350gr\/m\u00b2 sur cadre en bois de 2cm d&rsquo;\u00e9paisseur environ.<br>En gros une fois que vous recevez votre illustration, elle est pr\u00eate \u00e0 \u00eatre accroch\u00e9e au mur.<\/p>\n<\/div>\n<\/div>\n\n\n\n<h2 class=\"wp-block-heading has-text-align-center\">Comment est pos\u00e9 le tarif ?<\/h2>\n\n\n\n<p class=\"has-text-align-center\">C&rsquo;est assez simple \u00e0 expliquer et je me suis toujours engag\u00e9 \u00e0 rester limpide et transparent.<br>Dans le prix de l&rsquo;illustration que vous payez, il y a :<\/p>\n\n\n\n<ul class=\"wp-block-list\">\n<li>Le co\u00fbt de fabrication<\/li>\n\n\n\n<li>Les frais de transaction de la boutique ( faut bien que paypal et tout autre organisme se prend une part &#8230;)<\/li>\n\n\n\n<li>Les Frais De Port <\/li>\n\n\n\n<li>et surtout l&rsquo;urssaf qui me prend 27% du total &#8230;<\/li>\n<\/ul>\n\n\n\n<p>Tout cumul\u00e9 je perds 75% du prix total de vente ( sans compter que je pourrais compter les frais d&rsquo;h\u00e9bergement du site &#8230; )<\/p>\n\n\n\n<p>Bref vous l&rsquo;aurez compris j&rsquo;essaye de faire que \u00e7a soit abordable pour un maximum sans que j&rsquo;y soit de ma poche.<br><\/p>\n","protected":false},"excerpt":{"rendered":"<p>La joie du Canvas &#8211; Toile imprim\u00e9e Au d\u00e9part je proposais des posters imprim\u00e9s sur papier photo haute qualit\u00e9. \u00c9tant seul dans mon activit\u00e9 et n&rsquo;ayant pas de fond illimit\u00e9, j&rsquo;avais un process d&rsquo;impression par paquet de 5 posters.La qualit\u00e9 \u00e9tait au rendez-vous, malgr\u00e9 les d\u00e9fis que peuvent donner un papier photo ( griffures, pliures [&hellip;]<\/p>\n","protected":false},"author":1,"featured_media":0,"parent":0,"menu_order":0,"comment_status":"closed","ping_status":"closed","template":"template-fullwidth.php","meta":{"footnotes":""},"class_list":["post-868","page","type-page","status-publish","hentry"],"_links":{"self":[{"href":"https:\/\/coffee-time.fr\/boutique\/wp-json\/wp\/v2\/pages\/868","targetHints":{"allow":["GET"]}}],"collection":[{"href":"https:\/\/coffee-time.fr\/boutique\/wp-json\/wp\/v2\/pages"}],"about":[{"href":"https:\/\/coffee-time.fr\/boutique\/wp-json\/wp\/v2\/types\/page"}],"author":[{"embeddable":true,"href":"https:\/\/coffee-time.fr\/boutique\/wp-json\/wp\/v2\/users\/1"}],"replies":[{"embeddable":true,"href":"https:\/\/coffee-time.fr\/boutique\/wp-json\/wp\/v2\/comments?post=868"}],"version-history":[{"count":13,"href":"https:\/\/coffee-time.fr\/boutique\/wp-json\/wp\/v2\/pages\/868\/revisions"}],"predecessor-version":[{"id":1655,"href":"https:\/\/coffee-time.fr\/boutique\/wp-json\/wp\/v2\/pages\/868\/revisions\/1655"}],"wp:attachment":[{"href":"https:\/\/coffee-time.fr\/boutique\/wp-json\/wp\/v2\/media?parent=868"}],"curies":[{"name":"wp","href":"https:\/\/api.w.org\/{rel}","templated":true}]}}