{"id":90,"date":"2021-03-17T11:23:19","date_gmt":"2021-03-17T10:23:19","guid":{"rendered":"http:\/\/coffee-time.fr\/boutique\/?page_id=90"},"modified":"2025-11-08T20:41:09","modified_gmt":"2025-11-08T19:41:09","slug":"conditions-generales-de-vente","status":"publish","type":"page","link":"https:\/\/coffee-time.fr\/boutique\/conditions-generales-de-vente\/","title":{"rendered":"Conditions g\u00e9n\u00e9rales de vente"},"content":{"rendered":"\n<h2 class=\"wp-block-heading alignwide\"><strong>Pr\u00e9ambule <\/strong><\/h2>\n\n\n\n<p class=\"has-text-align-left\">Les conditions g\u00e9n\u00e9rales d&rsquo;utilisation indiquent l&rsquo;ensemble des mesures applicables aux produits, services du site Coffee-Time Boutique<\/p>\n\n\n\n<p><\/p>\n\n\n\n<p>Le site Coffee-Time Boutique appartient \u00e0 monsieur Cambier Julien \/ coffee time.<br>R\u00e9gime :<br>Auto entrepreneur, non assujetti \u00e0 la TVA.<br>Siret : 535 073 167 000 12<br>Adresse : <br><strong>24000 P\u00e9rigueux<\/strong><br>Contact : <img loading=\"lazy\" decoding=\"async\" width=\"150\" height=\"22\" class=\"wp-image-91\" style=\"width: 150px;\" src=\"https:\/\/coffee-time.fr\/boutique\/wp-content\/uploads\/2021\/02\/mel.png\" alt=\"\"><br><strong>Coffee-Time Boutique<\/strong> est une boutique en ligne vend : Posters, dessins papier, broderies en patch, accessoires types mug.<br><br>Le client d\u00e9clare avoir pris connaissance et avoir accept\u00e9 ces conditions avant de passer commande.<br>Toute validation de commande \u00e9quivaut \u00e0 une validation de ces conditions g\u00e9n\u00e9rales de vente.<br><br><strong>ARTICLE 1. INSCRIPTION &amp; DONN\u00c9ES PERSONNELLES<\/strong><br><br>L&rsquo;inscription sur la boutique Coffee-Time Boutique vous permet de vous cr\u00e9er un espace personnel.<br>Cet espace vous sert \u00e0 renseigner vos informations de contact afin de valider le processus de commande.<br>Ces informations sont transmises \u00e0 Coffee-Time Boutique afin de pouvoir proc\u00e9der \u00e0 l&rsquo;exp\u00e9dition de la commande, vous contacter \u00e9galement durant tout le processus de commande, exp\u00e9dition et SAV au besoin.<\/p>\n\n\n\n<p>L&rsquo;utilisateur est le seul responsable des informations de contact et d&rsquo;adresse qu&rsquo;il fournit, <strong>Coffee-Time Boutique<\/strong> n&rsquo;est en aucun cas responsable de la destination lors de l&rsquo;exp\u00e9dition du colis.<br><br>\u00c0 tout moment le client peut acc\u00e9der, modifier et supprimer son compte sur Coffee-Time Boutique, conform\u00e9ment \u00e0 la loi du 6 janvier 1978.<\/p>\n\n\n\n<p><\/p>\n\n\n\n<p><strong>ARTICLE 2. BIENS ET SERVICES PROPOS\u00c9S<\/strong><\/p>\n\n\n\n<p>Le site Coffee-Time Boutique propose \u00e0 la vente des illustrations imprim\u00e9es sous forme de poster qualit\u00e9 papier photo.<br>Il propose \u00e9galement la vente de dessins sur papier r\u00e9alis\u00e9s \u00e0 la main.<br>Chaque produit du site est exp\u00e9di\u00e9 par Cambier Julien et sont propos\u00e9s dans la limite des stocks disponibles.<br>Les produits propos\u00e9s sont tels qu&rsquo;ils seront re\u00e7u lors de votre commande, le seul ajout sera au dos de chaque poster imprim\u00e9 o\u00f9 un dessin, note, mot sera ajout\u00e9 par Cambier julien.<br><br><em>Coffee-Time Boutique s&rsquo;octroi m\u00eame le droit de glisser un dessin, une attention suppl\u00e9mentaire \u00e0 chaque commande et ce, sans cout suppl\u00e9mentaire.<\/em><br><br><strong>ARTICLE 3. LE PAIEMENT<\/strong><br><br>Le client peut effectuer tout achat sur le site via carte bancaire, paypal, et paypal checkout<br>Coffee-Time Boutique se r\u00e9serve le droit d&rsquo;annuler et bloquer une transaction le temps de faire des v\u00e9rifications sur l&rsquo;authenticit\u00e9 du paiement.<br><br>Une fois le paiement valid\u00e9, le client recevra une notification de la commande passant en \u00a0\u00bb valid\u00e9 \u00ab\u00a0, ainsi le processus d&rsquo;ex\u00e9cution, emballage et livraison \u00e0 l&rsquo;adresse du client pourra se faire.<br>Les informations du paiement sont enregistr\u00e9es de mani\u00e8re s\u00e9curis\u00e9e afin de garantir un d\u00e9p\u00f4t de preuve de transaction, d&rsquo;\u00e9change entre le site et le client.<br><br>L&rsquo;impression ne sera lanc\u00e9e qu&rsquo;apr\u00e8s r\u00e9ception et validation du montant de la commande.<br>Le module WooCommerce fait les transactions sur une semaine. Ainsi, d\u00e8s que vous faites votre commande, il faut compter 7 jours avant que le montant de votre commande arrive et que je puisse lancer l&rsquo;impression.<br><br><strong>Une fois la transaction valid\u00e9e, une notification sur la continuit\u00e9 du processus de la commande sera envoy\u00e9 dans l&rsquo;espace personnel &gt; commandes &gt; \u00a0\u00bb mise \u00e0 jour de la commande \u00ab\u00a0<\/strong> ( une notification par mail peut \u00e9galement \u00eatre envoy\u00e9 ).<\/p>\n\n\n\n<p><\/p>\n\n\n\n<p><strong>ARTICLE 4. VALIDATION DE LA COMMANDE<\/strong><\/p>\n\n\n\n<p>Chaque commande ainsi que la confirmation de commande sur le site coffee-time.fr\/boutique valide l&rsquo;adh\u00e9sion aux conditions g\u00e9n\u00e9rales.<br>Encore une fois, les donn\u00e9es collect\u00e9es et cette confirmation seront la preuve de la transaction.<\/p>\n\n\n\n<p>Une fois le paiement valid\u00e9, le client recevra une notification de la commande passant en \u00a0\u00bb valid\u00e9 \u00ab\u00a0, ainsi le processus d&rsquo;ex\u00e9cution, emballage et livraison \u00e0 l&rsquo;adresse du client pourra se faire.<br>Les informations du paiement sont enregistr\u00e9es de mani\u00e8re s\u00e9curis\u00e9e afin de garantir un d\u00e9p\u00f4t de preuve de transaction, d&rsquo;\u00e9change entre le site et le client.<\/p>\n\n\n\n<p><\/p>\n\n\n\n<p><strong>ARTICLE 5. RETRACTATION <\/strong><\/p>\n\n\n\n<p>L&rsquo;article L.121-21  du code de la consommation vous donne le droit d&rsquo;un d\u00e9lai de r\u00e9tractation.<br>Ce d\u00e9lai vaut 14jours d\u00e8s la r\u00e9ceptions de la commande, sans \u00e0 vous justifier de motif pour cette r\u00e9tractation ni \u00e0 payer de p\u00e9nalit\u00e9.  Pour que ce d\u00e9lai soit op\u00e9rant il faut que le produit n&rsquo;ait subi aucun dommage et qu&rsquo;il puisse \u00eatre remis en vente. <br>L&rsquo;objet doit donc \u00eatre remis sans dommage, dans son emballage d&rsquo;origine et complet.<br>SI l&rsquo;objet achet\u00e9 sur le site est retourn\u00e9 endommag\u00e9, le droit \u00e0 la r\u00e9tractation est caduque.<br>En cas de droit de r\u00e9tractation av\u00e9r\u00e9, Coffee-Time Boutique pourra proc\u00e9der au remboursement des sommes vers\u00e9es, dans un d\u00e9lai de 30 jours apr\u00e8s la notification de votre demande via la page contact, en mentionnant votre nom, pr\u00e9nom, num\u00e9ro de commande.<\/p>\n\n\n\n<p><strong>ARTICLE 6. DISPONIBILITE DES PRODUITS<\/strong><\/p>\n\n\n\n<p>Coffee-Time Boutique est une petite boutique, l&rsquo;impression se fait en petite quantit\u00e9.<br>Chaque produit propos\u00e9 sur le site est apparent avec la quantit\u00e9, le stock disponible.<br>Les articles sur la boutique peuvent \u00e9galement \u00eatre en pr\u00e9commande, une notification par mail et sur la commande dans votre espace sera alors effective, vous indiquant le d\u00e9lai avant r\u00e9ception chez vous du produit.<br>Cette pr\u00e9commande permet de lancer l&rsquo;impression, recevoir les imprim\u00e9s, pouvoir cr\u00e9er votre commande et vous l&rsquo;envoyer.<\/p>\n\n\n\n<p><strong>ARTICLE 7. LIVRAISON<\/strong><\/p>\n\n\n\n<p>Les produits command\u00e9s sur la boutique seront envoy\u00e9s via la poste colissimo<br>Un num\u00e9ro de suivi vous sera communiqu\u00e9 par mail et notification sur votre commande.<br>Ce num\u00e9ro de suivi appara\u00eetra lorsque votre \u00e9tat de commande passera en \u00a0\u00bb EN COURS \u00ab\u00a0<br>Coffee Time boutique ne pourra \u00eatre tenu responsable de l&rsquo;\u00e9tat de r\u00e9ception de votre commande<\/p>\n\n\n\n<p><strong>ARTICLE 8. LITIGES<\/strong><\/p>\n\n\n\n<p>La langue fran\u00e7aise est la langue de ce contrat et des conditions de ventes. Ces conditions sont soumises \u00e0 la loi fran\u00e7aise.<br>En cas de litige, les tribunaux fran\u00e7ais seront les seuls comp\u00e9tents.<\/p>\n\n\n\n<p><strong>ARTICLE 9. PROPRI\u00c9T\u00c9 INTELLECTUELLE<\/strong><\/p>\n\n\n\n<p>Tout \u00e9l\u00e9ment, image,vid\u00e9os, produits sur le site coffee -time, et coffee-time.fr\/boutique sont la propri\u00e9t\u00e9 de JULIEN CAMBIER \/ COFFEE TIME.<br>En aucun cas, nul n&rsquo;est autoris\u00e9 \u00e0 utiliser, reproduire, exploiter, m\u00eame \u00e0 titre priv\u00e9  ou partiellement, ces \u00e9l\u00e9ments cit\u00e9s.<\/p>\n\n\n\n<p><strong>ARTICLE 10. ARCHIVE ET PREUVE D&rsquo;ACHAT<\/strong><\/p>\n\n\n\n<p>Coffee Time boutique archivera toutes informations de commandes et factures sur un support durable et fiable afin de cr\u00e9er une copie fid\u00e8le, conform\u00e9ment \u00e0 l&rsquo;article 1348 du Code Civil.<br>Tout registre, commande, facture seront consid\u00e9r\u00e9s par toutes les parties concern\u00e9es comme preuve d&rsquo;\u00e9change, de communication, validation de commande, paiement, et transaction faite entre chaque partie. <\/p>\n\n\n\n<p><br><br><br><\/p>\n","protected":false},"excerpt":{"rendered":"<p>Pr\u00e9ambule Les conditions g\u00e9n\u00e9rales d&rsquo;utilisation indiquent l&rsquo;ensemble des mesures applicables aux produits, services du site Coffee-Time Boutique Le site Coffee-Time Boutique appartient \u00e0 monsieur Cambier Julien \/ coffee time.R\u00e9gime :Auto entrepreneur, non assujetti \u00e0 la TVA.Siret : 535 073 167 000 12Adresse : 24000 P\u00e9rigueuxContact : Coffee-Time Boutique est une boutique en ligne vend : [&hellip;]<\/p>\n","protected":false},"author":1,"featured_media":0,"parent":0,"menu_order":0,"comment_status":"closed","ping_status":"closed","template":"","meta":{"footnotes":""},"class_list":["post-90","page","type-page","status-publish","hentry"],"_links":{"self":[{"href":"https:\/\/coffee-time.fr\/boutique\/wp-json\/wp\/v2\/pages\/90","targetHints":{"allow":["GET"]}}],"collection":[{"href":"https:\/\/coffee-time.fr\/boutique\/wp-json\/wp\/v2\/pages"}],"about":[{"href":"https:\/\/coffee-time.fr\/boutique\/wp-json\/wp\/v2\/types\/page"}],"author":[{"embeddable":true,"href":"https:\/\/coffee-time.fr\/boutique\/wp-json\/wp\/v2\/users\/1"}],"replies":[{"embeddable":true,"href":"https:\/\/coffee-time.fr\/boutique\/wp-json\/wp\/v2\/comments?post=90"}],"version-history":[{"count":7,"href":"https:\/\/coffee-time.fr\/boutique\/wp-json\/wp\/v2\/pages\/90\/revisions"}],"predecessor-version":[{"id":1598,"href":"https:\/\/coffee-time.fr\/boutique\/wp-json\/wp\/v2\/pages\/90\/revisions\/1598"}],"wp:attachment":[{"href":"https:\/\/coffee-time.fr\/boutique\/wp-json\/wp\/v2\/media?parent=90"}],"curies":[{"name":"wp","href":"https:\/\/api.w.org\/{rel}","templated":true}]}}