{"id":1012,"date":"2023-11-19T23:09:10","date_gmt":"2023-11-19T22:09:10","guid":{"rendered":"https:\/\/coffee-time.fr\/boutique\/?post_type=product&#038;p=1012"},"modified":"2025-11-30T14:27:57","modified_gmt":"2025-11-30T13:27:57","slug":"indi-et-la-relique","status":"publish","type":"product","link":"https:\/\/coffee-time.fr\/boutique\/produit\/indi-et-la-relique\/","title":{"rendered":"Indi et la relique"},"content":{"rendered":"<p>Illustration r\u00e9alis\u00e9e pour le <strong>Inktober 2023<\/strong><br \/>\nIllustration r\u00e9alis\u00e9e en plusieurs live sur ma cha\u00eene <a href=\"https:\/\/www.twitch.tv\/coffeetime\">Twitch<\/a><\/p>\n<hr \/>\n<h3 class=\"has-luminous-vivid-orange-color has-text-color\"><strong>Un achat, mais pas que !<\/strong><\/h3>\n<p>Pour tout achat d\u2019une illustration en CANVAS ( quelque soit la taille ). Vous recevrez en plus dans votre petite commande\u00a0<strong>un dessin et encrage \u00e0 la plume \/\u00a0<\/strong><strong>pinceaux et encre de chine \/\u00a0 crayons\u2026\u00a0<\/strong>en\u00a0<em>format A4-A5<\/em>\u00a0<strong>d\u00e9dicac\u00e9<\/strong>\u00a0pour vous et fait par moi, accessoirement\u00a0\ud83d\ude42<\/p>\n<hr \/>\n<p>Impression r\u00e9alis\u00e9e sur CANVAS 350gr\/m\u00b2<\/p>\n<p>&nbsp;<\/p>\n","protected":false},"excerpt":{"rendered":"<p>Illustration r\u00e9alis\u00e9e pour le Inktober 2023 Illustration r\u00e9alis\u00e9e en plusieurs live sur ma cha\u00eene Twitch Un achat, mais pas que ! Pour tout achat d\u2019une illustration en CANVAS ( quelque soit la taille ). Vous recevrez en plus dans votre petite commande\u00a0un dessin et encrage \u00e0 la plume \/\u00a0pinceaux et encre de chine \/\u00a0 crayons\u2026\u00a0en\u00a0format [&hellip;]<\/p>\n","protected":false},"featured_media":1019,"comment_status":"open","ping_status":"closed","template":"","meta":[],"product_brand":[],"product_cat":[26,16,20,27],"product_tag":[],"class_list":{"0":"post-1012","1":"product","2":"type-product","3":"status-publish","4":"has-post-thumbnail","6":"product_cat-film-et-series","7":"product_cat-poster","8":"product_cat-impressionnisme-poster","9":"product_cat-fs","10":"product_shipping_class-gelato","12":"first","13":"outofstock","14":"taxable","15":"shipping-taxable","16":"purchasable","17":"product-type-variable"},"_links":{"self":[{"href":"https:\/\/coffee-time.fr\/boutique\/wp-json\/wp\/v2\/product\/1012","targetHints":{"allow":["GET"]}}],"collection":[{"href":"https:\/\/coffee-time.fr\/boutique\/wp-json\/wp\/v2\/product"}],"about":[{"href":"https:\/\/coffee-time.fr\/boutique\/wp-json\/wp\/v2\/types\/product"}],"replies":[{"embeddable":true,"href":"https:\/\/coffee-time.fr\/boutique\/wp-json\/wp\/v2\/comments?post=1012"}],"wp:featuredmedia":[{"embeddable":true,"href":"https:\/\/coffee-time.fr\/boutique\/wp-json\/wp\/v2\/media\/1019"}],"wp:attachment":[{"href":"https:\/\/coffee-time.fr\/boutique\/wp-json\/wp\/v2\/media?parent=1012"}],"wp:term":[{"taxonomy":"product_brand","embeddable":true,"href":"https:\/\/coffee-time.fr\/boutique\/wp-json\/wp\/v2\/product_brand?post=1012"},{"taxonomy":"product_cat","embeddable":true,"href":"https:\/\/coffee-time.fr\/boutique\/wp-json\/wp\/v2\/product_cat?post=1012"},{"taxonomy":"product_tag","embeddable":true,"href":"https:\/\/coffee-time.fr\/boutique\/wp-json\/wp\/v2\/product_tag?post=1012"}],"curies":[{"name":"wp","href":"https:\/\/api.w.org\/{rel}","templated":true}]}}