{"id":1158,"date":"2024-03-18T12:05:08","date_gmt":"2024-03-18T11:05:08","guid":{"rendered":"https:\/\/coffee-time.fr\/boutique\/?post_type=product&#038;p=1158"},"modified":"2025-11-30T14:37:44","modified_gmt":"2025-11-30T13:37:44","slug":"promenade","status":"publish","type":"product","link":"https:\/\/coffee-time.fr\/boutique\/produit\/promenade\/","title":{"rendered":"Promenade"},"content":{"rendered":"<p><strong>Un peu d&rsquo;histoire sur la cr\u00e9ation de cette illustration :\u00a0<\/strong><\/p>\n<p>Ici un tableau \u00e0 la fois de recherche de lumi\u00e8re, mais \u00e9galement d&rsquo;un message. On y voit une femme et son ours en promenade, la femme rassurant l&rsquo;ours, la main pos\u00e9e sur celui ci. J&rsquo;aime jouer sur cette posture, la personne rassure le plus gros, apaise et accompagne.<\/p>\n<p>&nbsp;<\/p>\n<p>Illustration r\u00e9alis\u00e9e en plusieurs live sur ma cha\u00eene <a href=\"https:\/\/www.twitch.tv\/coffeetime\">Twitch<\/a><\/p>\n<hr \/>\n<p>Impression r\u00e9alis\u00e9e sur CANVAS 350gr\/m\u00b2<\/p>\n<p>&nbsp;<\/p>\n","protected":false},"excerpt":{"rendered":"<p>Un peu d&rsquo;histoire sur la cr\u00e9ation de cette illustration :\u00a0 Ici un tableau \u00e0 la fois de recherche de lumi\u00e8re, mais \u00e9galement d&rsquo;un message. On y voit une femme et son ours en promenade, la femme rassurant l&rsquo;ours, la main pos\u00e9e sur celui ci. J&rsquo;aime jouer sur cette posture, la personne rassure le plus gros, [&hellip;]<\/p>\n","protected":false},"featured_media":1152,"comment_status":"open","ping_status":"closed","template":"","meta":[],"product_brand":[],"product_cat":[16,20,27],"product_tag":[],"class_list":{"0":"post-1158","1":"product","2":"type-product","3":"status-publish","4":"has-post-thumbnail","6":"product_cat-poster","7":"product_cat-impressionnisme-poster","8":"product_cat-fs","9":"product_shipping_class-gelato","11":"first","12":"outofstock","13":"taxable","14":"shipping-taxable","15":"purchasable","16":"product-type-variable"},"_links":{"self":[{"href":"https:\/\/coffee-time.fr\/boutique\/wp-json\/wp\/v2\/product\/1158","targetHints":{"allow":["GET"]}}],"collection":[{"href":"https:\/\/coffee-time.fr\/boutique\/wp-json\/wp\/v2\/product"}],"about":[{"href":"https:\/\/coffee-time.fr\/boutique\/wp-json\/wp\/v2\/types\/product"}],"replies":[{"embeddable":true,"href":"https:\/\/coffee-time.fr\/boutique\/wp-json\/wp\/v2\/comments?post=1158"}],"wp:featuredmedia":[{"embeddable":true,"href":"https:\/\/coffee-time.fr\/boutique\/wp-json\/wp\/v2\/media\/1152"}],"wp:attachment":[{"href":"https:\/\/coffee-time.fr\/boutique\/wp-json\/wp\/v2\/media?parent=1158"}],"wp:term":[{"taxonomy":"product_brand","embeddable":true,"href":"https:\/\/coffee-time.fr\/boutique\/wp-json\/wp\/v2\/product_brand?post=1158"},{"taxonomy":"product_cat","embeddable":true,"href":"https:\/\/coffee-time.fr\/boutique\/wp-json\/wp\/v2\/product_cat?post=1158"},{"taxonomy":"product_tag","embeddable":true,"href":"https:\/\/coffee-time.fr\/boutique\/wp-json\/wp\/v2\/product_tag?post=1158"}],"curies":[{"name":"wp","href":"https:\/\/api.w.org\/{rel}","templated":true}]}}