{"id":1185,"date":"2024-03-29T14:15:37","date_gmt":"2024-03-29T13:15:37","guid":{"rendered":"https:\/\/coffee-time.fr\/boutique\/?post_type=product&#038;p=1185"},"modified":"2025-11-30T14:38:44","modified_gmt":"2025-11-30T13:38:44","slug":"lenfant-de-la-mer","status":"publish","type":"product","link":"https:\/\/coffee-time.fr\/boutique\/produit\/lenfant-de-la-mer\/","title":{"rendered":"L&rsquo;enfant de la mer"},"content":{"rendered":"<p><strong>Un peu d&rsquo;histoire sur la cr\u00e9ation de cette illustration :<\/p>\n<p><\/strong>Ce tableau m&rsquo;a permis de comprendre l&rsquo;eau, son mouvement, la pr\u00e9sence de vent et de jouer sur les lumi\u00e8res.<\/p>\n<p>Je voulais jouer sur le contraste entre le volume et la lumi\u00e8re, la temp\u00eate et le cot\u00e9 statiques<\/p>\n<p>&nbsp;<\/p>\n<p>Illustration r\u00e9alis\u00e9e en plusieurs live sur ma cha\u00eene <a href=\"https:\/\/www.twitch.tv\/coffeetime\">Twitch<\/a><\/p>\n<hr \/>\n<p>Impression r\u00e9alis\u00e9e sur CANVAS 350gr\/m\u00b2<\/p>\n","protected":false},"excerpt":{"rendered":"<p>Un peu d&rsquo;histoire sur la cr\u00e9ation de cette illustration : Ce tableau m&rsquo;a permis de comprendre l&rsquo;eau, son mouvement, la pr\u00e9sence de vent et de jouer sur les lumi\u00e8res. Je voulais jouer sur le contraste entre le volume et la lumi\u00e8re, la temp\u00eate et le cot\u00e9 statiques &nbsp; Illustration r\u00e9alis\u00e9e en plusieurs live sur ma [&hellip;]<\/p>\n","protected":false},"featured_media":1187,"comment_status":"open","ping_status":"closed","template":"","meta":[],"product_brand":[],"product_cat":[16,20,27],"product_tag":[],"class_list":{"0":"post-1185","1":"product","2":"type-product","3":"status-publish","4":"has-post-thumbnail","6":"product_cat-poster","7":"product_cat-impressionnisme-poster","8":"product_cat-fs","9":"product_shipping_class-gelato","11":"first","12":"outofstock","13":"taxable","14":"shipping-taxable","15":"purchasable","16":"product-type-variable"},"_links":{"self":[{"href":"https:\/\/coffee-time.fr\/boutique\/wp-json\/wp\/v2\/product\/1185","targetHints":{"allow":["GET"]}}],"collection":[{"href":"https:\/\/coffee-time.fr\/boutique\/wp-json\/wp\/v2\/product"}],"about":[{"href":"https:\/\/coffee-time.fr\/boutique\/wp-json\/wp\/v2\/types\/product"}],"replies":[{"embeddable":true,"href":"https:\/\/coffee-time.fr\/boutique\/wp-json\/wp\/v2\/comments?post=1185"}],"wp:featuredmedia":[{"embeddable":true,"href":"https:\/\/coffee-time.fr\/boutique\/wp-json\/wp\/v2\/media\/1187"}],"wp:attachment":[{"href":"https:\/\/coffee-time.fr\/boutique\/wp-json\/wp\/v2\/media?parent=1185"}],"wp:term":[{"taxonomy":"product_brand","embeddable":true,"href":"https:\/\/coffee-time.fr\/boutique\/wp-json\/wp\/v2\/product_brand?post=1185"},{"taxonomy":"product_cat","embeddable":true,"href":"https:\/\/coffee-time.fr\/boutique\/wp-json\/wp\/v2\/product_cat?post=1185"},{"taxonomy":"product_tag","embeddable":true,"href":"https:\/\/coffee-time.fr\/boutique\/wp-json\/wp\/v2\/product_tag?post=1185"}],"curies":[{"name":"wp","href":"https:\/\/api.w.org\/{rel}","templated":true}]}}