{"id":1288,"date":"2024-10-29T17:31:01","date_gmt":"2024-10-29T16:31:01","guid":{"rendered":"https:\/\/coffee-time.fr\/boutique\/?post_type=product&#038;p=1288"},"modified":"2025-11-30T14:06:54","modified_gmt":"2025-11-30T13:06:54","slug":"le-druide","status":"publish","type":"product","link":"https:\/\/coffee-time.fr\/boutique\/produit\/le-druide\/","title":{"rendered":"Le Druide"},"content":{"rendered":"<p><strong>Un peu d&rsquo;histoire sur la cr\u00e9ation de cette illustration :\u00a0<\/strong><br \/>\nLa solitude et la compagnie en m\u00eame temps. Je voulais travailler la lumi\u00e8re \u00e0 travers un bois un peu anxiog\u00e8ne, illustrer la solitude mais pas de mani\u00e8re p\u00e9jorative.<br \/>\nCertains pourraient dire que c&rsquo;est moi dans 20ans dans les bois, je dirais oui, \u00e7a m&rsquo;irait bien.<\/p>\n<p>&#8211;<br \/>\nIllustration r\u00e9alis\u00e9e en plusieurs live sur ma cha\u00eene <a href=\"https:\/\/www.twitch.tv\/coffeetime\">Twitch<\/a><\/p>\n<hr \/>\n<p>Impression r\u00e9alis\u00e9e sur CANVAS 350gr\/m\u00b2<\/p>\n<p>D\u00e9couvrez le dessin dans cette vid\u00e9o de mise en sc\u00e8ne<\/p>\n<p><iframe loading=\"lazy\" title=\"Le druide - du croquis \u00e0 Krita - Krita Digital painting Time lapse\" width=\"980\" height=\"551\" src=\"https:\/\/www.youtube.com\/embed\/oON1ykQLEmA?feature=oembed\" frameborder=\"0\" allow=\"accelerometer; autoplay; clipboard-write; encrypted-media; gyroscope; picture-in-picture; web-share\" referrerpolicy=\"strict-origin-when-cross-origin\" allowfullscreen><\/iframe><\/p>\n","protected":false},"excerpt":{"rendered":"<p>Un peu d&rsquo;histoire sur la cr\u00e9ation de cette illustration :\u00a0 La solitude et la compagnie en m\u00eame temps. Je voulais travailler la lumi\u00e8re \u00e0 travers un bois un peu anxiog\u00e8ne, illustrer la solitude mais pas de mani\u00e8re p\u00e9jorative. Certains pourraient dire que c&rsquo;est moi dans 20ans dans les bois, je dirais oui, \u00e7a m&rsquo;irait bien. [&hellip;]<\/p>\n","protected":false},"featured_media":1292,"comment_status":"open","ping_status":"closed","template":"","meta":[],"product_brand":[],"product_cat":[16,20,27,35],"product_tag":[],"class_list":{"0":"post-1288","1":"product","2":"type-product","3":"status-publish","4":"has-post-thumbnail","6":"product_cat-poster","7":"product_cat-impressionnisme-poster","8":"product_cat-fs","9":"product_cat-tolkien-fantasy","10":"product_shipping_class-gelato","12":"first","13":"outofstock","14":"taxable","15":"shipping-taxable","16":"purchasable","17":"product-type-variable"},"_links":{"self":[{"href":"https:\/\/coffee-time.fr\/boutique\/wp-json\/wp\/v2\/product\/1288","targetHints":{"allow":["GET"]}}],"collection":[{"href":"https:\/\/coffee-time.fr\/boutique\/wp-json\/wp\/v2\/product"}],"about":[{"href":"https:\/\/coffee-time.fr\/boutique\/wp-json\/wp\/v2\/types\/product"}],"replies":[{"embeddable":true,"href":"https:\/\/coffee-time.fr\/boutique\/wp-json\/wp\/v2\/comments?post=1288"}],"wp:featuredmedia":[{"embeddable":true,"href":"https:\/\/coffee-time.fr\/boutique\/wp-json\/wp\/v2\/media\/1292"}],"wp:attachment":[{"href":"https:\/\/coffee-time.fr\/boutique\/wp-json\/wp\/v2\/media?parent=1288"}],"wp:term":[{"taxonomy":"product_brand","embeddable":true,"href":"https:\/\/coffee-time.fr\/boutique\/wp-json\/wp\/v2\/product_brand?post=1288"},{"taxonomy":"product_cat","embeddable":true,"href":"https:\/\/coffee-time.fr\/boutique\/wp-json\/wp\/v2\/product_cat?post=1288"},{"taxonomy":"product_tag","embeddable":true,"href":"https:\/\/coffee-time.fr\/boutique\/wp-json\/wp\/v2\/product_tag?post=1288"}],"curies":[{"name":"wp","href":"https:\/\/api.w.org\/{rel}","templated":true}]}}