{"id":1295,"date":"2024-10-29T17:34:59","date_gmt":"2024-10-29T16:34:59","guid":{"rendered":"https:\/\/coffee-time.fr\/boutique\/?post_type=product&#038;p=1295"},"modified":"2025-11-30T14:05:03","modified_gmt":"2025-11-30T13:05:03","slug":"le-chemin-paysage-dordogne","status":"publish","type":"product","link":"https:\/\/coffee-time.fr\/boutique\/produit\/le-chemin-paysage-dordogne\/","title":{"rendered":"Le chemin, paysage Dordogne"},"content":{"rendered":"<p>Illustration r\u00e9alis\u00e9e en plusieurs live sur ma cha\u00eene <a href=\"https:\/\/www.twitch.tv\/coffeetime\">Twitch<\/a> <\/p>\n<hr \/>\n<p>Quel plaisir d&rsquo;avoir pu r\u00e9aliser ce paysage, de pouvoir le dessiner et illustrer les couleurs que j&rsquo;ai pu voir en direct. Ce paysage est un chemin de Dordogne ( perigord vert ) pas loin de chez moi, et quelle claque quand j&rsquo;ai pu assister au coucher de soleil.<\/p>\n<p>Pouvoir m&rsquo;impr\u00e9gner des couleurs, de l&rsquo;odeur, et la chaleur des derni\u00e8res lueurs du soleil.<br \/>J&rsquo;ai voulu retranscrire ces \u00e9motions \u00e0 travers mon digitalpainting, un paysage simple mais avec beaucoup de nuances et de jeu de couleurs.<\/p>\n<p>Impression r\u00e9alis\u00e9e sur CANVAS 350gr\/m\u00b2<\/p>\n","protected":false},"excerpt":{"rendered":"<p>Illustration r\u00e9alis\u00e9e en plusieurs live sur ma cha\u00eene Twitch Quel plaisir d&rsquo;avoir pu r\u00e9aliser ce paysage, de pouvoir le dessiner et illustrer les couleurs que j&rsquo;ai pu voir en direct. Ce paysage est un chemin de Dordogne ( perigord vert ) pas loin de chez moi, et quelle claque quand j&rsquo;ai pu assister au coucher [&hellip;]<\/p>\n","protected":false},"featured_media":1299,"comment_status":"open","ping_status":"closed","template":"","meta":[],"product_brand":[],"product_cat":[16,20,25,27],"product_tag":[],"class_list":{"0":"post-1295","1":"product","2":"type-product","3":"status-publish","4":"has-post-thumbnail","6":"product_cat-poster","7":"product_cat-impressionnisme-poster","8":"product_cat-ma-region-dordogne","9":"product_cat-fs","10":"product_shipping_class-gelato","12":"first","13":"outofstock","14":"taxable","15":"shipping-taxable","16":"purchasable","17":"product-type-variable"},"_links":{"self":[{"href":"https:\/\/coffee-time.fr\/boutique\/wp-json\/wp\/v2\/product\/1295","targetHints":{"allow":["GET"]}}],"collection":[{"href":"https:\/\/coffee-time.fr\/boutique\/wp-json\/wp\/v2\/product"}],"about":[{"href":"https:\/\/coffee-time.fr\/boutique\/wp-json\/wp\/v2\/types\/product"}],"replies":[{"embeddable":true,"href":"https:\/\/coffee-time.fr\/boutique\/wp-json\/wp\/v2\/comments?post=1295"}],"wp:featuredmedia":[{"embeddable":true,"href":"https:\/\/coffee-time.fr\/boutique\/wp-json\/wp\/v2\/media\/1299"}],"wp:attachment":[{"href":"https:\/\/coffee-time.fr\/boutique\/wp-json\/wp\/v2\/media?parent=1295"}],"wp:term":[{"taxonomy":"product_brand","embeddable":true,"href":"https:\/\/coffee-time.fr\/boutique\/wp-json\/wp\/v2\/product_brand?post=1295"},{"taxonomy":"product_cat","embeddable":true,"href":"https:\/\/coffee-time.fr\/boutique\/wp-json\/wp\/v2\/product_cat?post=1295"},{"taxonomy":"product_tag","embeddable":true,"href":"https:\/\/coffee-time.fr\/boutique\/wp-json\/wp\/v2\/product_tag?post=1295"}],"curies":[{"name":"wp","href":"https:\/\/api.w.org\/{rel}","templated":true}]}}