{"id":1302,"date":"2024-10-29T17:37:55","date_gmt":"2024-10-29T16:37:55","guid":{"rendered":"https:\/\/coffee-time.fr\/boutique\/?post_type=product&#038;p=1302"},"modified":"2025-11-30T14:30:44","modified_gmt":"2025-11-30T13:30:44","slug":"le-port","status":"publish","type":"product","link":"https:\/\/coffee-time.fr\/boutique\/produit\/le-port\/","title":{"rendered":"Le port"},"content":{"rendered":"<p>Illustration r\u00e9alis\u00e9e en plusieurs live sur ma cha\u00eene <a href=\"https:\/\/www.twitch.tv\/coffeetime\">Twitch<\/a> <\/p>\n<hr \/>\n<p>Je voulais dans ce dessin, \u00e9tudier l&rsquo;environnement, la r\u00e9verb\u00e9ration de la lumi\u00e8re sur l&rsquo;eau. Dans ce digital painting je souhaitais rendre le paysage contemplatif, transmettre des ressentis, une certaine tranquillit\u00e9.<br \/>&#8211;<br \/>\u27a1\ufe0f Le format : 60x40cm 300dpi<br \/>\u27a1\ufe0f Logiciel : Krita \/ ma main<\/p>\n<p>Impression r\u00e9alis\u00e9e sur CANVAS 350gr\/m\u00b2<\/p>\n","protected":false},"excerpt":{"rendered":"<p>Illustration r\u00e9alis\u00e9e en plusieurs live sur ma cha\u00eene Twitch Je voulais dans ce dessin, \u00e9tudier l&rsquo;environnement, la r\u00e9verb\u00e9ration de la lumi\u00e8re sur l&rsquo;eau. Dans ce digital painting je souhaitais rendre le paysage contemplatif, transmettre des ressentis, une certaine tranquillit\u00e9.&#8211;\u27a1\ufe0f Le format : 60x40cm 300dpi\u27a1\ufe0f Logiciel : Krita \/ ma main Impression r\u00e9alis\u00e9e sur CANVAS 350gr\/m\u00b2<\/p>\n","protected":false},"featured_media":1306,"comment_status":"open","ping_status":"closed","template":"","meta":[],"product_brand":[],"product_cat":[16,20,27],"product_tag":[],"class_list":{"0":"post-1302","1":"product","2":"type-product","3":"status-publish","4":"has-post-thumbnail","6":"product_cat-poster","7":"product_cat-impressionnisme-poster","8":"product_cat-fs","9":"product_shipping_class-gelato","11":"first","12":"outofstock","13":"taxable","14":"shipping-taxable","15":"purchasable","16":"product-type-variable"},"_links":{"self":[{"href":"https:\/\/coffee-time.fr\/boutique\/wp-json\/wp\/v2\/product\/1302","targetHints":{"allow":["GET"]}}],"collection":[{"href":"https:\/\/coffee-time.fr\/boutique\/wp-json\/wp\/v2\/product"}],"about":[{"href":"https:\/\/coffee-time.fr\/boutique\/wp-json\/wp\/v2\/types\/product"}],"replies":[{"embeddable":true,"href":"https:\/\/coffee-time.fr\/boutique\/wp-json\/wp\/v2\/comments?post=1302"}],"wp:featuredmedia":[{"embeddable":true,"href":"https:\/\/coffee-time.fr\/boutique\/wp-json\/wp\/v2\/media\/1306"}],"wp:attachment":[{"href":"https:\/\/coffee-time.fr\/boutique\/wp-json\/wp\/v2\/media?parent=1302"}],"wp:term":[{"taxonomy":"product_brand","embeddable":true,"href":"https:\/\/coffee-time.fr\/boutique\/wp-json\/wp\/v2\/product_brand?post=1302"},{"taxonomy":"product_cat","embeddable":true,"href":"https:\/\/coffee-time.fr\/boutique\/wp-json\/wp\/v2\/product_cat?post=1302"},{"taxonomy":"product_tag","embeddable":true,"href":"https:\/\/coffee-time.fr\/boutique\/wp-json\/wp\/v2\/product_tag?post=1302"}],"curies":[{"name":"wp","href":"https:\/\/api.w.org\/{rel}","templated":true}]}}