{"id":1342,"date":"2024-10-29T18:01:15","date_gmt":"2024-10-29T17:01:15","guid":{"rendered":"https:\/\/coffee-time.fr\/boutique\/?post_type=product&#038;p=1342"},"modified":"2025-11-30T11:45:25","modified_gmt":"2025-11-30T10:45:25","slug":"le-golem-et-son-bain","status":"publish","type":"product","link":"https:\/\/coffee-time.fr\/boutique\/produit\/le-golem-et-son-bain\/","title":{"rendered":"Le Golem et son bain"},"content":{"rendered":"<p>Illustration r\u00e9alis\u00e9e en plusieurs live sur ma cha\u00eene <a href=\"https:\/\/www.twitch.tv\/coffeetime\">Twitch<\/a><\/p>\n<hr \/>\n<p>Je voulais ici m&rsquo;amuser encore une fois avec la faune, la densit\u00e9 de v\u00e9g\u00e9tation.<br \/>\nPour faire cet exercice je voulais une situation amusante, un golem qui prend son bain avec des canards.<br \/>\nJe voulais une sc\u00e8ne de bon matin, des couleurs pas trop flashy, pas mal de brume, des tons assez pastel.<\/p>\n<p>Impression r\u00e9alis\u00e9e sur CANVAS 350gr\/m\u00b2<\/p>\n","protected":false},"excerpt":{"rendered":"<p>Illustration r\u00e9alis\u00e9e en plusieurs live sur ma cha\u00eene Twitch Je voulais ici m&rsquo;amuser encore une fois avec la faune, la densit\u00e9 de v\u00e9g\u00e9tation. Pour faire cet exercice je voulais une situation amusante, un golem qui prend son bain avec des canards. Je voulais une sc\u00e8ne de bon matin, des couleurs pas trop flashy, pas mal [&hellip;]<\/p>\n","protected":false},"featured_media":1353,"comment_status":"open","ping_status":"closed","template":"","meta":[],"product_brand":[],"product_cat":[16,20,27,35],"product_tag":[],"class_list":{"0":"post-1342","1":"product","2":"type-product","3":"status-publish","4":"has-post-thumbnail","6":"product_cat-poster","7":"product_cat-impressionnisme-poster","8":"product_cat-fs","9":"product_cat-tolkien-fantasy","10":"product_shipping_class-gelato","12":"first","13":"outofstock","14":"taxable","15":"shipping-taxable","16":"purchasable","17":"product-type-variable"},"_links":{"self":[{"href":"https:\/\/coffee-time.fr\/boutique\/wp-json\/wp\/v2\/product\/1342","targetHints":{"allow":["GET"]}}],"collection":[{"href":"https:\/\/coffee-time.fr\/boutique\/wp-json\/wp\/v2\/product"}],"about":[{"href":"https:\/\/coffee-time.fr\/boutique\/wp-json\/wp\/v2\/types\/product"}],"replies":[{"embeddable":true,"href":"https:\/\/coffee-time.fr\/boutique\/wp-json\/wp\/v2\/comments?post=1342"}],"wp:featuredmedia":[{"embeddable":true,"href":"https:\/\/coffee-time.fr\/boutique\/wp-json\/wp\/v2\/media\/1353"}],"wp:attachment":[{"href":"https:\/\/coffee-time.fr\/boutique\/wp-json\/wp\/v2\/media?parent=1342"}],"wp:term":[{"taxonomy":"product_brand","embeddable":true,"href":"https:\/\/coffee-time.fr\/boutique\/wp-json\/wp\/v2\/product_brand?post=1342"},{"taxonomy":"product_cat","embeddable":true,"href":"https:\/\/coffee-time.fr\/boutique\/wp-json\/wp\/v2\/product_cat?post=1342"},{"taxonomy":"product_tag","embeddable":true,"href":"https:\/\/coffee-time.fr\/boutique\/wp-json\/wp\/v2\/product_tag?post=1342"}],"curies":[{"name":"wp","href":"https:\/\/api.w.org\/{rel}","templated":true}]}}