{"id":1377,"date":"2025-02-03T22:47:50","date_gmt":"2025-02-03T21:47:50","guid":{"rendered":"https:\/\/coffee-time.fr\/boutique\/?post_type=product&#038;p=1377"},"modified":"2025-11-30T11:45:25","modified_gmt":"2025-11-30T10:45:25","slug":"bad-panda-mei-lee","status":"publish","type":"product","link":"https:\/\/coffee-time.fr\/boutique\/produit\/bad-panda-mei-lee\/","title":{"rendered":"Bad panda &#038; Mei lee"},"content":{"rendered":"<p><strong>Un peu d&rsquo;histoire sur la cr\u00e9ation de cette illustration :\u00a0<\/strong><br \/>\nVoila une rencontre particuli\u00e8re, mon personnage de Bad panda qui fait l&rsquo;affiche avec Mei lee, panda rouge du film Alerte Rouge.<\/p>\n<p>Illustration r\u00e9alis\u00e9e en plusieurs live sur ma cha\u00eene <a href=\"https:\/\/www.twitch.tv\/coffeetime\">Twitch<\/a><\/p>\n<hr \/>\n<p>Impression r\u00e9alis\u00e9e sur CANVAS 350gr\/m\u00b2<\/p>\n<p><iframe loading=\"lazy\" title=\"\ud83d\udd34 ALERTE ROUGE ! Quand BAD PANDA rencontre MEILIN ! Dessin et encrage sur krita #alerterouge #pixar\" width=\"980\" height=\"551\" src=\"https:\/\/www.youtube.com\/embed\/09imHOHITeU?feature=oembed\" frameborder=\"0\" allow=\"accelerometer; autoplay; clipboard-write; encrypted-media; gyroscope; picture-in-picture; web-share\" referrerpolicy=\"strict-origin-when-cross-origin\" allowfullscreen><\/iframe><\/p>\n","protected":false},"excerpt":{"rendered":"<p>Un peu d&rsquo;histoire sur la cr\u00e9ation de cette illustration :\u00a0 Voila une rencontre particuli\u00e8re, mon personnage de Bad panda qui fait l&rsquo;affiche avec Mei lee, panda rouge du film Alerte Rouge. Illustration r\u00e9alis\u00e9e en plusieurs live sur ma cha\u00eene Twitch Impression r\u00e9alis\u00e9e sur CANVAS 350gr\/m\u00b2<\/p>\n","protected":false},"featured_media":1379,"comment_status":"open","ping_status":"closed","template":"","meta":[],"product_brand":[],"product_cat":[21,16,36],"product_tag":[],"class_list":{"0":"post-1377","1":"product","2":"type-product","3":"status-publish","4":"has-post-thumbnail","6":"product_cat-dessin-bd-poster","7":"product_cat-poster","8":"product_cat-serie-film","9":"product_shipping_class-gelato","11":"first","12":"outofstock","13":"taxable","14":"shipping-taxable","15":"purchasable","16":"product-type-variable"},"_links":{"self":[{"href":"https:\/\/coffee-time.fr\/boutique\/wp-json\/wp\/v2\/product\/1377","targetHints":{"allow":["GET"]}}],"collection":[{"href":"https:\/\/coffee-time.fr\/boutique\/wp-json\/wp\/v2\/product"}],"about":[{"href":"https:\/\/coffee-time.fr\/boutique\/wp-json\/wp\/v2\/types\/product"}],"replies":[{"embeddable":true,"href":"https:\/\/coffee-time.fr\/boutique\/wp-json\/wp\/v2\/comments?post=1377"}],"wp:featuredmedia":[{"embeddable":true,"href":"https:\/\/coffee-time.fr\/boutique\/wp-json\/wp\/v2\/media\/1379"}],"wp:attachment":[{"href":"https:\/\/coffee-time.fr\/boutique\/wp-json\/wp\/v2\/media?parent=1377"}],"wp:term":[{"taxonomy":"product_brand","embeddable":true,"href":"https:\/\/coffee-time.fr\/boutique\/wp-json\/wp\/v2\/product_brand?post=1377"},{"taxonomy":"product_cat","embeddable":true,"href":"https:\/\/coffee-time.fr\/boutique\/wp-json\/wp\/v2\/product_cat?post=1377"},{"taxonomy":"product_tag","embeddable":true,"href":"https:\/\/coffee-time.fr\/boutique\/wp-json\/wp\/v2\/product_tag?post=1377"}],"curies":[{"name":"wp","href":"https:\/\/api.w.org\/{rel}","templated":true}]}}