{"id":1406,"date":"2025-06-26T10:17:30","date_gmt":"2025-06-26T08:17:30","guid":{"rendered":"https:\/\/coffee-time.fr\/boutique\/?post_type=product&#038;p=1406"},"modified":"2025-11-30T14:32:11","modified_gmt":"2025-11-30T13:32:11","slug":"champs-du-pelennor","status":"publish","type":"product","link":"https:\/\/coffee-time.fr\/boutique\/produit\/champs-du-pelennor\/","title":{"rendered":"Les champs du Pelennor &#8211; Tolkien"},"content":{"rendered":"<p>Illustration r\u00e9alis\u00e9e en plusieurs live sur ma cha\u00eene <a href=\"https:\/\/www.twitch.tv\/coffeetime\">Twitch<\/a><\/p>\n<hr \/>\n<p>Les champs du Pelennor, illustration sur le monde de\u00a0<a class=\"x1i10hfl xjbqb8w x1ejq31n x18oe1m7 x1sy0etr xstzfhl x972fbf x10w94by x1qhh985 x14e42zd x9f619 x1ypdohk xt0psk2 xe8uvvx xdj266r x14z9mp xat24cr x1lziwak xexx8yu xyri2b x18d9i69 x1c1uobl x16tdsg8 x1hl2dhg xggy1nq x1a2a7pz  _aa9_ _a6hd\" tabindex=\"0\" role=\"link\" href=\"https:\/\/www.instagram.com\/explore\/tags\/tolkien\/\">#tolkien<\/a><br \/>\nIllustr\u00e9e comme une simple plaine dans le film, c&rsquo;est avant tout une zone agricole, le grenier de la cit\u00e9 de Minas Tirith.<br \/>\nJe voulais ici faire un moment du quotidien dans le Gondor, tout en montrant l&rsquo;importance et la taille de cette grande cit\u00e9. Le quotidien pour eux, l&rsquo;\u00e9merveillement pour nous, simple voyageur.<\/p>\n<p>Impression r\u00e9alis\u00e9e sur CANVAS 350gr\/m\u00b2<\/p>\n","protected":false},"excerpt":{"rendered":"<p>Illustration r\u00e9alis\u00e9e en plusieurs live sur ma cha\u00eene Twitch Les champs du Pelennor, illustration sur le monde de\u00a0#tolkien Illustr\u00e9e comme une simple plaine dans le film, c&rsquo;est avant tout une zone agricole, le grenier de la cit\u00e9 de Minas Tirith. Je voulais ici faire un moment du quotidien dans le Gondor, tout en montrant l&rsquo;importance [&hellip;]<\/p>\n","protected":false},"featured_media":1409,"comment_status":"open","ping_status":"closed","template":"","meta":[],"product_brand":[],"product_cat":[16,20,27,35],"product_tag":[],"class_list":{"0":"post-1406","1":"product","2":"type-product","3":"status-publish","4":"has-post-thumbnail","6":"product_cat-poster","7":"product_cat-impressionnisme-poster","8":"product_cat-fs","9":"product_cat-tolkien-fantasy","10":"product_shipping_class-gelato","12":"first","13":"instock","14":"taxable","15":"shipping-taxable","16":"purchasable","17":"product-type-variable"},"_links":{"self":[{"href":"https:\/\/coffee-time.fr\/boutique\/wp-json\/wp\/v2\/product\/1406","targetHints":{"allow":["GET"]}}],"collection":[{"href":"https:\/\/coffee-time.fr\/boutique\/wp-json\/wp\/v2\/product"}],"about":[{"href":"https:\/\/coffee-time.fr\/boutique\/wp-json\/wp\/v2\/types\/product"}],"replies":[{"embeddable":true,"href":"https:\/\/coffee-time.fr\/boutique\/wp-json\/wp\/v2\/comments?post=1406"}],"wp:featuredmedia":[{"embeddable":true,"href":"https:\/\/coffee-time.fr\/boutique\/wp-json\/wp\/v2\/media\/1409"}],"wp:attachment":[{"href":"https:\/\/coffee-time.fr\/boutique\/wp-json\/wp\/v2\/media?parent=1406"}],"wp:term":[{"taxonomy":"product_brand","embeddable":true,"href":"https:\/\/coffee-time.fr\/boutique\/wp-json\/wp\/v2\/product_brand?post=1406"},{"taxonomy":"product_cat","embeddable":true,"href":"https:\/\/coffee-time.fr\/boutique\/wp-json\/wp\/v2\/product_cat?post=1406"},{"taxonomy":"product_tag","embeddable":true,"href":"https:\/\/coffee-time.fr\/boutique\/wp-json\/wp\/v2\/product_tag?post=1406"}],"curies":[{"name":"wp","href":"https:\/\/api.w.org\/{rel}","templated":true}]}}