{"id":1444,"date":"2025-06-26T10:37:29","date_gmt":"2025-06-26T08:37:29","guid":{"rendered":"https:\/\/coffee-time.fr\/boutique\/?post_type=product&#038;p=1444"},"modified":"2025-11-30T14:10:39","modified_gmt":"2025-11-30T13:10:39","slug":"nurgle","status":"publish","type":"product","link":"https:\/\/coffee-time.fr\/boutique\/produit\/nurgle\/","title":{"rendered":"Nurgle"},"content":{"rendered":"<p>Illustration r\u00e9alis\u00e9e en plusieurs live sur ma cha\u00eene <a href=\"https:\/\/www.twitch.tv\/coffeetime\">Twitch<\/a><\/p>\n<hr \/>\n<p>Voici mon petit hommage au dieu de la pestilence, Nurgle. J&rsquo;ai ador\u00e9 faire ce dessin et d&rsquo;explorer \u00e0 nouveau le monde de Warhammer 40k, de jouer avec les couleurs et la texture.<\/p>\n<p><strong>VOIR PLUS DE D\u00c9TAILS DANS LA PUBLICATION <a href=\"https:\/\/www.instagram.com\/p\/DIN0QQnqzdM\/?img_index=1\" target=\"_blank\" rel=\"noopener\">INSTAGRAM<\/a><\/strong><\/p>\n<p>&nbsp;<\/p>\n<p>&nbsp;<\/p>\n<p>Impression r\u00e9alis\u00e9e sur CANVAS 350gr\/m\u00b2<\/p>\n","protected":false},"excerpt":{"rendered":"<p>Illustration r\u00e9alis\u00e9e en plusieurs live sur ma cha\u00eene Twitch Voici mon petit hommage au dieu de la pestilence, Nurgle. J&rsquo;ai ador\u00e9 faire ce dessin et d&rsquo;explorer \u00e0 nouveau le monde de Warhammer 40k, de jouer avec les couleurs et la texture. VOIR PLUS DE D\u00c9TAILS DANS LA PUBLICATION INSTAGRAM &nbsp; &nbsp; Impression r\u00e9alis\u00e9e sur CANVAS [&hellip;]<\/p>\n","protected":false},"featured_media":1448,"comment_status":"open","ping_status":"closed","template":"","meta":[],"product_brand":[],"product_cat":[16,20,29,27,35],"product_tag":[],"class_list":{"0":"post-1444","1":"product","2":"type-product","3":"status-publish","4":"has-post-thumbnail","6":"product_cat-poster","7":"product_cat-impressionnisme-poster","8":"product_cat-jeux-video","9":"product_cat-fs","10":"product_cat-tolkien-fantasy","11":"product_shipping_class-gelato","13":"first","14":"instock","15":"taxable","16":"shipping-taxable","17":"purchasable","18":"product-type-variable"},"_links":{"self":[{"href":"https:\/\/coffee-time.fr\/boutique\/wp-json\/wp\/v2\/product\/1444","targetHints":{"allow":["GET"]}}],"collection":[{"href":"https:\/\/coffee-time.fr\/boutique\/wp-json\/wp\/v2\/product"}],"about":[{"href":"https:\/\/coffee-time.fr\/boutique\/wp-json\/wp\/v2\/types\/product"}],"replies":[{"embeddable":true,"href":"https:\/\/coffee-time.fr\/boutique\/wp-json\/wp\/v2\/comments?post=1444"}],"wp:featuredmedia":[{"embeddable":true,"href":"https:\/\/coffee-time.fr\/boutique\/wp-json\/wp\/v2\/media\/1448"}],"wp:attachment":[{"href":"https:\/\/coffee-time.fr\/boutique\/wp-json\/wp\/v2\/media?parent=1444"}],"wp:term":[{"taxonomy":"product_brand","embeddable":true,"href":"https:\/\/coffee-time.fr\/boutique\/wp-json\/wp\/v2\/product_brand?post=1444"},{"taxonomy":"product_cat","embeddable":true,"href":"https:\/\/coffee-time.fr\/boutique\/wp-json\/wp\/v2\/product_cat?post=1444"},{"taxonomy":"product_tag","embeddable":true,"href":"https:\/\/coffee-time.fr\/boutique\/wp-json\/wp\/v2\/product_tag?post=1444"}],"curies":[{"name":"wp","href":"https:\/\/api.w.org\/{rel}","templated":true}]}}