{"id":1453,"date":"2025-06-26T10:43:00","date_gmt":"2025-06-26T08:43:00","guid":{"rendered":"https:\/\/coffee-time.fr\/boutique\/?post_type=product&#038;p=1453"},"modified":"2025-11-30T13:57:54","modified_gmt":"2025-11-30T12:57:54","slug":"larche-des-damnes","status":"publish","type":"product","link":"https:\/\/coffee-time.fr\/boutique\/produit\/larche-des-damnes\/","title":{"rendered":"L&rsquo;arche des damn\u00e9s &#8211; warhammer"},"content":{"rendered":"<p>Illustration r\u00e9alis\u00e9e en plusieurs live sur ma cha\u00eene <a href=\"https:\/\/www.twitch.tv\/coffeetime\">Twitch<\/a><\/p>\n<hr \/>\n<p>L&rsquo;arche des \u00e2mes damn\u00e9es &#8211; Khemri , le vieux monde<br \/>\nQuand les l\u00e9gions de Khemri se l\u00e8vent, m\u00eame les vivants retiennent leur souffle. L&rsquo;arche des \u00e2mes damn\u00e9es s\u2019ouvre\u2026 et les \u00e2mes hurlantes r\u00e9clament vengeance.<\/p>\n<p>&nbsp;<\/p>\n<p><strong>VOIR PLUS DE D\u00c9TAILS DANS LA PUBLICATION <a href=\"https:\/\/www.instagram.com\/p\/DJWoNiwqXf9\/?img_index=1\" target=\"_blank\" rel=\"noopener\">INSTAGRAM<\/a><\/strong><\/p>\n<p>&nbsp;<\/p>\n<p>&nbsp;<\/p>\n<p>Impression r\u00e9alis\u00e9e sur CANVAS 350gr\/m\u00b2<\/p>\n","protected":false},"excerpt":{"rendered":"<p>Illustration r\u00e9alis\u00e9e en plusieurs live sur ma cha\u00eene Twitch L&rsquo;arche des \u00e2mes damn\u00e9es &#8211; Khemri , le vieux monde Quand les l\u00e9gions de Khemri se l\u00e8vent, m\u00eame les vivants retiennent leur souffle. L&rsquo;arche des \u00e2mes damn\u00e9es s\u2019ouvre\u2026 et les \u00e2mes hurlantes r\u00e9clament vengeance. &nbsp; VOIR PLUS DE D\u00c9TAILS DANS LA PUBLICATION INSTAGRAM &nbsp; &nbsp; Impression [&hellip;]<\/p>\n","protected":false},"featured_media":1456,"comment_status":"open","ping_status":"closed","template":"","meta":[],"product_brand":[],"product_cat":[16,20,29],"product_tag":[],"class_list":{"0":"post-1453","1":"product","2":"type-product","3":"status-publish","4":"has-post-thumbnail","6":"product_cat-poster","7":"product_cat-impressionnisme-poster","8":"product_cat-jeux-video","9":"product_shipping_class-gelato","11":"first","12":"instock","13":"taxable","14":"shipping-taxable","15":"purchasable","16":"product-type-variable"},"_links":{"self":[{"href":"https:\/\/coffee-time.fr\/boutique\/wp-json\/wp\/v2\/product\/1453","targetHints":{"allow":["GET"]}}],"collection":[{"href":"https:\/\/coffee-time.fr\/boutique\/wp-json\/wp\/v2\/product"}],"about":[{"href":"https:\/\/coffee-time.fr\/boutique\/wp-json\/wp\/v2\/types\/product"}],"replies":[{"embeddable":true,"href":"https:\/\/coffee-time.fr\/boutique\/wp-json\/wp\/v2\/comments?post=1453"}],"wp:featuredmedia":[{"embeddable":true,"href":"https:\/\/coffee-time.fr\/boutique\/wp-json\/wp\/v2\/media\/1456"}],"wp:attachment":[{"href":"https:\/\/coffee-time.fr\/boutique\/wp-json\/wp\/v2\/media?parent=1453"}],"wp:term":[{"taxonomy":"product_brand","embeddable":true,"href":"https:\/\/coffee-time.fr\/boutique\/wp-json\/wp\/v2\/product_brand?post=1453"},{"taxonomy":"product_cat","embeddable":true,"href":"https:\/\/coffee-time.fr\/boutique\/wp-json\/wp\/v2\/product_cat?post=1453"},{"taxonomy":"product_tag","embeddable":true,"href":"https:\/\/coffee-time.fr\/boutique\/wp-json\/wp\/v2\/product_tag?post=1453"}],"curies":[{"name":"wp","href":"https:\/\/api.w.org\/{rel}","templated":true}]}}