{"id":1473,"date":"2025-06-26T10:57:11","date_gmt":"2025-06-26T08:57:11","guid":{"rendered":"https:\/\/coffee-time.fr\/boutique\/?post_type=product&#038;p=1473"},"modified":"2025-11-30T11:45:24","modified_gmt":"2025-11-30T10:45:24","slug":"le-necromancien-warhammer","status":"publish","type":"product","link":"https:\/\/coffee-time.fr\/boutique\/produit\/le-necromancien-warhammer\/","title":{"rendered":"Le n\u00e9cromancien &#8211; warhammer"},"content":{"rendered":"<p>Illustration r\u00e9alis\u00e9e en plusieurs live sur ma cha\u00eene <a href=\"https:\/\/www.twitch.tv\/coffeetime\">Twitch<\/a><\/p>\n<hr \/>\n<p>Le n\u00e9cromancien , illustration sur\u00a0<a class=\"x1i10hfl xjbqb8w x1ejq31n x18oe1m7 x1sy0etr xstzfhl x972fbf x10w94by x1qhh985 x14e42zd x9f619 x1ypdohk xt0psk2 xe8uvvx xdj266r x14z9mp xat24cr x1lziwak xexx8yu xyri2b x18d9i69 x1c1uobl x16tdsg8 x1hl2dhg xggy1nq x1a2a7pz _aa9_ _a6hd\" tabindex=\"0\" role=\"link\" href=\"https:\/\/www.instagram.com\/explore\/tags\/krita\/\">#krita<\/a><br \/>\nEn voila un dessin que j&rsquo;ai particuli\u00e8rement appr\u00e9ci\u00e9 faire.<br \/>\nJe voulais m&rsquo;inspirer du monde de\u00a0<a class=\"x1i10hfl xjbqb8w x1ejq31n x18oe1m7 x1sy0etr xstzfhl x972fbf x10w94by x1qhh985 x14e42zd x9f619 x1ypdohk xt0psk2 xe8uvvx xdj266r x14z9mp xat24cr x1lziwak xexx8yu xyri2b x18d9i69 x1c1uobl x16tdsg8 x1hl2dhg xggy1nq x1a2a7pz _aa9_ _a6hd\" tabindex=\"0\" role=\"link\" href=\"https:\/\/www.instagram.com\/explore\/tags\/warhammer\/\">#warhammer<\/a>\u00a0afin de cr\u00e9er un n\u00e9cromancien et son arm\u00e9e.<br \/>\nL&rsquo;id\u00e9e ici \u00e9tait de m\u00e9langer les couleurs froids fortes et le cot\u00e9 tamis\u00e9 des bougies, afin de cr\u00e9er les plans et de mettre en valeur le personnage.<br \/>\nIllustration r\u00e9alis\u00e9e en live sur TWITCH<\/p>\n<p>&nbsp;<\/p>\n<p><strong>VOIR PLUS DE D\u00c9TAILS DANS LA PUBLICATION <a href=\"https:\/\/www.instagram.com\/p\/DGyPgYviRWD\/?img_index=1\" target=\"_blank\" rel=\"noopener\">INSTAGRAM<\/a><\/strong><\/p>\n<p>&nbsp;<\/p>\n<p>&nbsp;<\/p>\n<p>Impression r\u00e9alis\u00e9e sur CANVAS 350gr\/m\u00b2<\/p>\n","protected":false},"excerpt":{"rendered":"<p>Illustration r\u00e9alis\u00e9e en plusieurs live sur ma cha\u00eene Twitch Le n\u00e9cromancien , illustration sur\u00a0#krita En voila un dessin que j&rsquo;ai particuli\u00e8rement appr\u00e9ci\u00e9 faire. Je voulais m&rsquo;inspirer du monde de\u00a0#warhammer\u00a0afin de cr\u00e9er un n\u00e9cromancien et son arm\u00e9e. L&rsquo;id\u00e9e ici \u00e9tait de m\u00e9langer les couleurs froids fortes et le cot\u00e9 tamis\u00e9 des bougies, afin de cr\u00e9er les [&hellip;]<\/p>\n","protected":false},"featured_media":1476,"comment_status":"open","ping_status":"closed","template":"","meta":[],"product_brand":[],"product_cat":[16,20,29,27],"product_tag":[],"class_list":{"0":"post-1473","1":"product","2":"type-product","3":"status-publish","4":"has-post-thumbnail","6":"product_cat-poster","7":"product_cat-impressionnisme-poster","8":"product_cat-jeux-video","9":"product_cat-fs","10":"product_shipping_class-gelato","12":"first","13":"instock","14":"taxable","15":"shipping-taxable","16":"purchasable","17":"product-type-variable"},"_links":{"self":[{"href":"https:\/\/coffee-time.fr\/boutique\/wp-json\/wp\/v2\/product\/1473","targetHints":{"allow":["GET"]}}],"collection":[{"href":"https:\/\/coffee-time.fr\/boutique\/wp-json\/wp\/v2\/product"}],"about":[{"href":"https:\/\/coffee-time.fr\/boutique\/wp-json\/wp\/v2\/types\/product"}],"replies":[{"embeddable":true,"href":"https:\/\/coffee-time.fr\/boutique\/wp-json\/wp\/v2\/comments?post=1473"}],"wp:featuredmedia":[{"embeddable":true,"href":"https:\/\/coffee-time.fr\/boutique\/wp-json\/wp\/v2\/media\/1476"}],"wp:attachment":[{"href":"https:\/\/coffee-time.fr\/boutique\/wp-json\/wp\/v2\/media?parent=1473"}],"wp:term":[{"taxonomy":"product_brand","embeddable":true,"href":"https:\/\/coffee-time.fr\/boutique\/wp-json\/wp\/v2\/product_brand?post=1473"},{"taxonomy":"product_cat","embeddable":true,"href":"https:\/\/coffee-time.fr\/boutique\/wp-json\/wp\/v2\/product_cat?post=1473"},{"taxonomy":"product_tag","embeddable":true,"href":"https:\/\/coffee-time.fr\/boutique\/wp-json\/wp\/v2\/product_tag?post=1473"}],"curies":[{"name":"wp","href":"https:\/\/api.w.org\/{rel}","templated":true}]}}