{"id":1482,"date":"2025-06-26T11:01:58","date_gmt":"2025-06-26T09:01:58","guid":{"rendered":"https:\/\/coffee-time.fr\/boutique\/?post_type=product&#038;p=1482"},"modified":"2025-11-30T11:45:24","modified_gmt":"2025-11-30T10:45:24","slug":"monet-adepta-sororitas","status":"publish","type":"product","link":"https:\/\/coffee-time.fr\/boutique\/produit\/monet-adepta-sororitas\/","title":{"rendered":"Monet + Adepta Sororitas"},"content":{"rendered":"<p>Illustration r\u00e9alis\u00e9e en plusieurs live sur ma cha\u00eene <a href=\"https:\/\/www.twitch.tv\/coffeetime\">Twitch<\/a><\/p>\n<hr \/>\n<p>Monet + Adepta Sororitas &#8211; Illustration sur Krita<\/p>\n<p>Voici mon illustration inspir\u00e9e du c\u00e9l\u00e8bre tableau \u00ab\u00a0coquelicots \u00a0\u00bb de Monet.<br \/>\nJe voulais \u00e0 la fois m&rsquo;inspirer de son travail et de le m\u00e9langer avec de la sf, et plus pr\u00e9cis\u00e9ment Warhammer 40.000.<\/p>\n<p>&#8211;<br \/>\nl&rsquo;id\u00e9e ici \u00e9tait de faire un paysage calme, paisible, dans lequel des S\u0153urs de bataille patrouille. L&rsquo;une d&rsquo;elles s&rsquo;\u00e9gare quelques secondes afin de caresser les coquelicots, s&rsquo;\u00e9cartant de sa mission, de l&#8217;empereur, pour redevenir \u00ab\u00a0humaine\u00a0\u00bb.<\/p>\n<p>&nbsp;<\/p>\n<p><strong>VOIR PLUS DE D\u00c9TAILS DANS LA PUBLICATION <a href=\"https:\/\/www.instagram.com\/p\/DLR-HT4MnLQ\/?img_index=1\" target=\"_blank\" rel=\"noopener\">INSTAGRAM<\/a><\/strong><\/p>\n<p>&nbsp;<\/p>\n<p>&nbsp;<\/p>\n<p>Impression r\u00e9alis\u00e9e sur CANVAS 350gr\/m\u00b2<\/p>\n","protected":false},"excerpt":{"rendered":"<p>Illustration r\u00e9alis\u00e9e en plusieurs live sur ma cha\u00eene Twitch Monet + Adepta Sororitas &#8211; Illustration sur Krita Voici mon illustration inspir\u00e9e du c\u00e9l\u00e8bre tableau \u00ab\u00a0coquelicots \u00a0\u00bb de Monet. Je voulais \u00e0 la fois m&rsquo;inspirer de son travail et de le m\u00e9langer avec de la sf, et plus pr\u00e9cis\u00e9ment Warhammer 40.000. &#8211; l&rsquo;id\u00e9e ici \u00e9tait de [&hellip;]<\/p>\n","protected":false},"featured_media":1485,"comment_status":"open","ping_status":"closed","template":"","meta":[],"product_brand":[],"product_cat":[16,20,29,27],"product_tag":[],"class_list":{"0":"post-1482","1":"product","2":"type-product","3":"status-publish","4":"has-post-thumbnail","6":"product_cat-poster","7":"product_cat-impressionnisme-poster","8":"product_cat-jeux-video","9":"product_cat-fs","10":"product_shipping_class-gelato","12":"first","13":"instock","14":"taxable","15":"shipping-taxable","16":"purchasable","17":"product-type-variable"},"_links":{"self":[{"href":"https:\/\/coffee-time.fr\/boutique\/wp-json\/wp\/v2\/product\/1482","targetHints":{"allow":["GET"]}}],"collection":[{"href":"https:\/\/coffee-time.fr\/boutique\/wp-json\/wp\/v2\/product"}],"about":[{"href":"https:\/\/coffee-time.fr\/boutique\/wp-json\/wp\/v2\/types\/product"}],"replies":[{"embeddable":true,"href":"https:\/\/coffee-time.fr\/boutique\/wp-json\/wp\/v2\/comments?post=1482"}],"wp:featuredmedia":[{"embeddable":true,"href":"https:\/\/coffee-time.fr\/boutique\/wp-json\/wp\/v2\/media\/1485"}],"wp:attachment":[{"href":"https:\/\/coffee-time.fr\/boutique\/wp-json\/wp\/v2\/media?parent=1482"}],"wp:term":[{"taxonomy":"product_brand","embeddable":true,"href":"https:\/\/coffee-time.fr\/boutique\/wp-json\/wp\/v2\/product_brand?post=1482"},{"taxonomy":"product_cat","embeddable":true,"href":"https:\/\/coffee-time.fr\/boutique\/wp-json\/wp\/v2\/product_cat?post=1482"},{"taxonomy":"product_tag","embeddable":true,"href":"https:\/\/coffee-time.fr\/boutique\/wp-json\/wp\/v2\/product_tag?post=1482"}],"curies":[{"name":"wp","href":"https:\/\/api.w.org\/{rel}","templated":true}]}}