{"id":1516,"date":"2025-07-30T22:31:15","date_gmt":"2025-07-30T20:31:15","guid":{"rendered":"https:\/\/coffee-time.fr\/boutique\/?post_type=product&#038;p=1516"},"modified":"2025-11-30T11:45:24","modified_gmt":"2025-11-30T10:45:24","slug":"soiree-dans-limperium","status":"publish","type":"product","link":"https:\/\/coffee-time.fr\/boutique\/produit\/soiree-dans-limperium\/","title":{"rendered":"Soir\u00e9e dans l&rsquo;imp\u00e9rium"},"content":{"rendered":"<p>Illustration r\u00e9alis\u00e9e en plusieurs live sur ma cha\u00eene <a href=\"https:\/\/www.twitch.tv\/coffeetime\">Twitch<\/a><\/p>\n<hr \/>\n<p>\ud83d\udd8c\ufe0f Soir\u00e9e dans l&rsquo;Imperium, peinture num\u00e9rique<\/p>\n<p>Voici mon illustration inspir\u00e9e de l&rsquo;Arc de Triomphe d&rsquo;\u00c9douard Cort\u00e8s. Peintre postimpressionniste, il adorait repr\u00e9senter la lumi\u00e8re et les textures de Paris.<br \/>\nJ&rsquo;ai m\u00eal\u00e9 sa peinture, source d&rsquo;inspiration, \u00e0 l&rsquo;univers de Warhammer 40k. Nous avons une journ\u00e9e normale, un soir dans l&rsquo;Imperium, \u00e0 l&rsquo;approche de l&rsquo;hiver et de la fin de l&rsquo;automne.<br \/>\nPeinture digitale faite sur Krita, format 64x44cm<\/p>\n<p>&#8211;<\/p>\n<p><strong>VOIR PLUS DE D\u00c9TAILS DANS LA PUBLICATION <a href=\"https:\/\/www.instagram.com\/p\/DMu08pKMw8p\/\" target=\"_blank\" rel=\"noopener\">INSTAGRAM<\/a><\/strong><\/p>\n<p>&nbsp;<\/p>\n<p>&nbsp;<\/p>\n<p>Impression r\u00e9alis\u00e9e sur CANVAS 350gr\/m\u00b2<\/p>\n","protected":false},"excerpt":{"rendered":"<p>Illustration r\u00e9alis\u00e9e en plusieurs live sur ma cha\u00eene Twitch \ud83d\udd8c\ufe0f Soir\u00e9e dans l&rsquo;Imperium, peinture num\u00e9rique Voici mon illustration inspir\u00e9e de l&rsquo;Arc de Triomphe d&rsquo;\u00c9douard Cort\u00e8s. Peintre postimpressionniste, il adorait repr\u00e9senter la lumi\u00e8re et les textures de Paris. J&rsquo;ai m\u00eal\u00e9 sa peinture, source d&rsquo;inspiration, \u00e0 l&rsquo;univers de Warhammer 40k. Nous avons une journ\u00e9e normale, un soir [&hellip;]<\/p>\n","protected":false},"featured_media":1520,"comment_status":"open","ping_status":"closed","template":"","meta":[],"product_brand":[],"product_cat":[16,20,29,27],"product_tag":[],"class_list":{"0":"post-1516","1":"product","2":"type-product","3":"status-publish","4":"has-post-thumbnail","6":"product_cat-poster","7":"product_cat-impressionnisme-poster","8":"product_cat-jeux-video","9":"product_cat-fs","10":"product_shipping_class-gelato","12":"first","13":"instock","14":"taxable","15":"shipping-taxable","16":"purchasable","17":"product-type-variable"},"_links":{"self":[{"href":"https:\/\/coffee-time.fr\/boutique\/wp-json\/wp\/v2\/product\/1516","targetHints":{"allow":["GET"]}}],"collection":[{"href":"https:\/\/coffee-time.fr\/boutique\/wp-json\/wp\/v2\/product"}],"about":[{"href":"https:\/\/coffee-time.fr\/boutique\/wp-json\/wp\/v2\/types\/product"}],"replies":[{"embeddable":true,"href":"https:\/\/coffee-time.fr\/boutique\/wp-json\/wp\/v2\/comments?post=1516"}],"wp:featuredmedia":[{"embeddable":true,"href":"https:\/\/coffee-time.fr\/boutique\/wp-json\/wp\/v2\/media\/1520"}],"wp:attachment":[{"href":"https:\/\/coffee-time.fr\/boutique\/wp-json\/wp\/v2\/media?parent=1516"}],"wp:term":[{"taxonomy":"product_brand","embeddable":true,"href":"https:\/\/coffee-time.fr\/boutique\/wp-json\/wp\/v2\/product_brand?post=1516"},{"taxonomy":"product_cat","embeddable":true,"href":"https:\/\/coffee-time.fr\/boutique\/wp-json\/wp\/v2\/product_cat?post=1516"},{"taxonomy":"product_tag","embeddable":true,"href":"https:\/\/coffee-time.fr\/boutique\/wp-json\/wp\/v2\/product_tag?post=1516"}],"curies":[{"name":"wp","href":"https:\/\/api.w.org\/{rel}","templated":true}]}}