{"id":1523,"date":"2025-08-15T10:05:24","date_gmt":"2025-08-15T08:05:24","guid":{"rendered":"https:\/\/coffee-time.fr\/boutique\/?post_type=product&#038;p=1523"},"modified":"2025-11-30T11:45:23","modified_gmt":"2025-11-30T10:45:23","slug":"les-fils-de-lempereur","status":"publish","type":"product","link":"https:\/\/coffee-time.fr\/boutique\/produit\/les-fils-de-lempereur\/","title":{"rendered":"Les fils de l&#8217;empereur"},"content":{"rendered":"<p>Illustration r\u00e9alis\u00e9e en plusieurs live sur ma cha\u00eene <a href=\"https:\/\/www.twitch.tv\/coffeetime\">Twitch<\/a><\/p>\n<hr \/>\n<p>\ud83d\udd8c\ufe0f Les fils de l&#8217;empereur<\/p>\n<p>Et si les enfants de l&#8217;empereur, les primarques n&rsquo;avaient pas \u00e9t\u00e9 enlev\u00e9s ?<br \/>\nPour faire cette illustration, je me suis inspir\u00e9 de la toile Pont Japonais de Monet, tout en y incorporant le lore de Warhammer 40k.<br \/>\nJe voulais ici encore une fois m\u00e9langer l&rsquo;impressionnisme et le grim dark.<br \/>\nIci on ne voit que 7 fils de l&#8217;empereur, saurez vous les retrouver ?<\/p>\n<p>&#8211;<\/p>\n<p><strong>VOIR PLUS DE D\u00c9TAILS DANS LA PUBLICATION <a href=\"https:\/\/www.instagram.com\/p\/DNN5ZFssRlc\/?img_index=1\" target=\"_blank\" rel=\"noopener\">INSTAGRAM<\/a><\/strong><\/p>\n<p>&nbsp;<\/p>\n<p>&nbsp;<\/p>\n<p>Impression r\u00e9alis\u00e9e sur CANVAS 350gr\/m\u00b2<\/p>\n","protected":false},"excerpt":{"rendered":"<p>Illustration r\u00e9alis\u00e9e en plusieurs live sur ma cha\u00eene Twitch \ud83d\udd8c\ufe0f Les fils de l&#8217;empereur Et si les enfants de l&#8217;empereur, les primarques n&rsquo;avaient pas \u00e9t\u00e9 enlev\u00e9s ? Pour faire cette illustration, je me suis inspir\u00e9 de la toile Pont Japonais de Monet, tout en y incorporant le lore de Warhammer 40k. Je voulais ici encore [&hellip;]<\/p>\n","protected":false},"featured_media":1527,"comment_status":"open","ping_status":"closed","template":"","meta":[],"product_brand":[],"product_cat":[16,20,29,27],"product_tag":[],"class_list":{"0":"post-1523","1":"product","2":"type-product","3":"status-publish","4":"has-post-thumbnail","6":"product_cat-poster","7":"product_cat-impressionnisme-poster","8":"product_cat-jeux-video","9":"product_cat-fs","10":"product_shipping_class-gelato","12":"first","13":"instock","14":"taxable","15":"shipping-taxable","16":"purchasable","17":"product-type-variable"},"_links":{"self":[{"href":"https:\/\/coffee-time.fr\/boutique\/wp-json\/wp\/v2\/product\/1523","targetHints":{"allow":["GET"]}}],"collection":[{"href":"https:\/\/coffee-time.fr\/boutique\/wp-json\/wp\/v2\/product"}],"about":[{"href":"https:\/\/coffee-time.fr\/boutique\/wp-json\/wp\/v2\/types\/product"}],"replies":[{"embeddable":true,"href":"https:\/\/coffee-time.fr\/boutique\/wp-json\/wp\/v2\/comments?post=1523"}],"wp:featuredmedia":[{"embeddable":true,"href":"https:\/\/coffee-time.fr\/boutique\/wp-json\/wp\/v2\/media\/1527"}],"wp:attachment":[{"href":"https:\/\/coffee-time.fr\/boutique\/wp-json\/wp\/v2\/media?parent=1523"}],"wp:term":[{"taxonomy":"product_brand","embeddable":true,"href":"https:\/\/coffee-time.fr\/boutique\/wp-json\/wp\/v2\/product_brand?post=1523"},{"taxonomy":"product_cat","embeddable":true,"href":"https:\/\/coffee-time.fr\/boutique\/wp-json\/wp\/v2\/product_cat?post=1523"},{"taxonomy":"product_tag","embeddable":true,"href":"https:\/\/coffee-time.fr\/boutique\/wp-json\/wp\/v2\/product_tag?post=1523"}],"curies":[{"name":"wp","href":"https:\/\/api.w.org\/{rel}","templated":true}]}}