{"id":1557,"date":"2025-09-05T13:36:05","date_gmt":"2025-09-05T11:36:05","guid":{"rendered":"https:\/\/coffee-time.fr\/boutique\/?post_type=product&#038;p=1557"},"modified":"2025-11-30T11:45:23","modified_gmt":"2025-11-30T10:45:23","slug":"horus","status":"publish","type":"product","link":"https:\/\/coffee-time.fr\/boutique\/produit\/horus\/","title":{"rendered":"Horus et la reconnaissance de son pere"},"content":{"rendered":"<p>Illustration r\u00e9alis\u00e9e en plusieurs live sur ma cha\u00eene <a href=\"https:\/\/www.twitch.tv\/coffeetime\">Twitch<\/a><\/p>\n<hr \/>\n<p>Horus, et la reconnaissance de son P\u00e8re<\/p>\n<p>Dans la serie \u00a0\u00bb et si ?\u00a0\u00bb j&rsquo;ai voulu ici jouer sur plusieurs th\u00e8mes. La fraternit\u00e9 et tout ce que \u00e7a comporte, la relation P\u00e8re fils.<br \/>\nPour r\u00e9aliser ce tradigital je me suis inspir\u00e9 du tableau pollice verso de Jean L\u00e9on G\u00e9r\u00f4me.<br \/>\nOn voit ici Horus, le fils prodige , pr\u00e9f\u00e9r\u00e9 de l&#8217;empereur, montrant fi\u00e8rement l&rsquo;\u00e9tendu de ses capacit\u00e9s.<\/p>\n<p>Chacun de ses fr\u00e8res ont une r\u00e9action diff\u00e9rente, saurez vous retrouver le nom de chaque fr\u00e8re ?<\/p>\n<p>Format : 68x48cm<\/p>\n<p>&#8211;<\/p>\n<p><strong>VOIR PLUS DE D\u00c9TAILS DANS LA PUBLICATION <a href=\"https:\/\/www.instagram.com\/p\/DOLmZFGjDEW\/?img_index=1\" target=\"_blank\" rel=\"noopener\">INSTAGRAM<\/a><\/strong><\/p>\n<p>Impression r\u00e9alis\u00e9e sur CANVAS 350gr\/m\u00b2<\/p>\n","protected":false},"excerpt":{"rendered":"<p>Illustration r\u00e9alis\u00e9e en plusieurs live sur ma cha\u00eene Twitch Horus, et la reconnaissance de son P\u00e8re Dans la serie \u00a0\u00bb et si ?\u00a0\u00bb j&rsquo;ai voulu ici jouer sur plusieurs th\u00e8mes. La fraternit\u00e9 et tout ce que \u00e7a comporte, la relation P\u00e8re fils. Pour r\u00e9aliser ce tradigital je me suis inspir\u00e9 du tableau pollice verso de [&hellip;]<\/p>\n","protected":false},"featured_media":1556,"comment_status":"open","ping_status":"closed","template":"","meta":[],"product_brand":[],"product_cat":[16,20,29],"product_tag":[],"class_list":{"0":"post-1557","1":"product","2":"type-product","3":"status-publish","4":"has-post-thumbnail","6":"product_cat-poster","7":"product_cat-impressionnisme-poster","8":"product_cat-jeux-video","9":"product_shipping_class-gelato","11":"first","12":"instock","13":"taxable","14":"shipping-taxable","15":"purchasable","16":"product-type-variable"},"_links":{"self":[{"href":"https:\/\/coffee-time.fr\/boutique\/wp-json\/wp\/v2\/product\/1557","targetHints":{"allow":["GET"]}}],"collection":[{"href":"https:\/\/coffee-time.fr\/boutique\/wp-json\/wp\/v2\/product"}],"about":[{"href":"https:\/\/coffee-time.fr\/boutique\/wp-json\/wp\/v2\/types\/product"}],"replies":[{"embeddable":true,"href":"https:\/\/coffee-time.fr\/boutique\/wp-json\/wp\/v2\/comments?post=1557"}],"wp:featuredmedia":[{"embeddable":true,"href":"https:\/\/coffee-time.fr\/boutique\/wp-json\/wp\/v2\/media\/1556"}],"wp:attachment":[{"href":"https:\/\/coffee-time.fr\/boutique\/wp-json\/wp\/v2\/media?parent=1557"}],"wp:term":[{"taxonomy":"product_brand","embeddable":true,"href":"https:\/\/coffee-time.fr\/boutique\/wp-json\/wp\/v2\/product_brand?post=1557"},{"taxonomy":"product_cat","embeddable":true,"href":"https:\/\/coffee-time.fr\/boutique\/wp-json\/wp\/v2\/product_cat?post=1557"},{"taxonomy":"product_tag","embeddable":true,"href":"https:\/\/coffee-time.fr\/boutique\/wp-json\/wp\/v2\/product_tag?post=1557"}],"curies":[{"name":"wp","href":"https:\/\/api.w.org\/{rel}","templated":true}]}}