{"id":1567,"date":"2025-10-21T15:33:32","date_gmt":"2025-10-21T13:33:32","guid":{"rendered":"https:\/\/coffee-time.fr\/boutique\/?post_type=product&#038;p=1567"},"modified":"2025-11-30T14:23:53","modified_gmt":"2025-11-30T13:23:53","slug":"erda","status":"publish","type":"product","link":"https:\/\/coffee-time.fr\/boutique\/produit\/erda\/","title":{"rendered":"Erda"},"content":{"rendered":"<p>Illustration r\u00e9alis\u00e9e en plusieurs live sur ma cha\u00eene <a href=\"https:\/\/www.twitch.tv\/coffeetime\">Twitch<\/a><\/p>\n<hr \/>\n<p>Erda , la m\u00e8re des primarques &#8211; tradigital painting<\/p>\n<p>Toujours dans la s\u00e9rie des \u00a0\u00bb et si \u00a0\u00bb et apr\u00e8s avoir illustr\u00e9 le sujet du \u00ab\u00a0p\u00e8re\u00a0\u00bb voici ici la m\u00e8re.<br \/>\n\u00c0 travers l&rsquo;inspiration du tableau \u00ab\u00a0promenade\u00a0\u00bb de Monet et l&rsquo;ajout du lore de warhammer 40.000, je voulais ici repr\u00e9senter le c\u00f4t\u00e9 maternelle, le r\u00f4le d&rsquo;une m\u00e8re, l&rsquo;instinct maternelle.<\/p>\n<p>Ici vous avez deux enfants primarques, saurez-vous les identifier ?<\/p>\n<p>Format 68x48cm logiciel : Krita<\/p>\n<p>&#8211;<\/p>\n<p><strong>VOIR PLUS DE D\u00c9TAILS DANS LA PUBLICATION <a href=\"https:\/\/www.instagram.com\/p\/DPBV7kADCn8\/?img_index=1\" target=\"_blank\" rel=\"noopener\">INSTAGRAM<\/a><\/strong><\/p>\n<p>Impression r\u00e9alis\u00e9e sur CANVAS 350gr\/m\u00b2<\/p>\n","protected":false},"excerpt":{"rendered":"<p>Illustration r\u00e9alis\u00e9e en plusieurs live sur ma cha\u00eene Twitch Erda , la m\u00e8re des primarques &#8211; tradigital painting Toujours dans la s\u00e9rie des \u00a0\u00bb et si \u00a0\u00bb et apr\u00e8s avoir illustr\u00e9 le sujet du \u00ab\u00a0p\u00e8re\u00a0\u00bb voici ici la m\u00e8re. \u00c0 travers l&rsquo;inspiration du tableau \u00ab\u00a0promenade\u00a0\u00bb de Monet et l&rsquo;ajout du lore de warhammer 40.000, je [&hellip;]<\/p>\n","protected":false},"featured_media":1571,"comment_status":"open","ping_status":"closed","template":"","meta":[],"product_brand":[],"product_cat":[16,20,29],"product_tag":[],"class_list":{"0":"post-1567","1":"product","2":"type-product","3":"status-publish","4":"has-post-thumbnail","6":"product_cat-poster","7":"product_cat-impressionnisme-poster","8":"product_cat-jeux-video","9":"product_shipping_class-gelato","11":"first","12":"instock","13":"taxable","14":"shipping-taxable","15":"purchasable","16":"product-type-variable"},"_links":{"self":[{"href":"https:\/\/coffee-time.fr\/boutique\/wp-json\/wp\/v2\/product\/1567","targetHints":{"allow":["GET"]}}],"collection":[{"href":"https:\/\/coffee-time.fr\/boutique\/wp-json\/wp\/v2\/product"}],"about":[{"href":"https:\/\/coffee-time.fr\/boutique\/wp-json\/wp\/v2\/types\/product"}],"replies":[{"embeddable":true,"href":"https:\/\/coffee-time.fr\/boutique\/wp-json\/wp\/v2\/comments?post=1567"}],"wp:featuredmedia":[{"embeddable":true,"href":"https:\/\/coffee-time.fr\/boutique\/wp-json\/wp\/v2\/media\/1571"}],"wp:attachment":[{"href":"https:\/\/coffee-time.fr\/boutique\/wp-json\/wp\/v2\/media?parent=1567"}],"wp:term":[{"taxonomy":"product_brand","embeddable":true,"href":"https:\/\/coffee-time.fr\/boutique\/wp-json\/wp\/v2\/product_brand?post=1567"},{"taxonomy":"product_cat","embeddable":true,"href":"https:\/\/coffee-time.fr\/boutique\/wp-json\/wp\/v2\/product_cat?post=1567"},{"taxonomy":"product_tag","embeddable":true,"href":"https:\/\/coffee-time.fr\/boutique\/wp-json\/wp\/v2\/product_tag?post=1567"}],"curies":[{"name":"wp","href":"https:\/\/api.w.org\/{rel}","templated":true}]}}