{"id":1572,"date":"2025-10-21T15:39:22","date_gmt":"2025-10-21T13:39:22","guid":{"rendered":"https:\/\/coffee-time.fr\/boutique\/?post_type=product&#038;p=1572"},"modified":"2025-11-30T14:32:18","modified_gmt":"2025-11-30T13:32:18","slug":"impression-imperium","status":"publish","type":"product","link":"https:\/\/coffee-time.fr\/boutique\/produit\/impression-imperium\/","title":{"rendered":"impression, mont\u00e9e de l&rsquo;imp\u00e9rium"},"content":{"rendered":"<p>Illustration r\u00e9alis\u00e9e en plusieurs live sur ma cha\u00eene <a href=\"https:\/\/www.twitch.tv\/coffeetime\">Twitch<\/a><\/p>\n<hr \/>\n<p>Impression, la mont\u00e9e en puissance de l&rsquo; Imperium<\/p>\n<p>Quand l&rsquo;imperium monte \u00e0 l&rsquo;assaut.<br \/>\nPour cr\u00e9er cette sc\u00e8ne je me suis inspir\u00e9 du tableau de Monet \u00a0\u00bb impression soleil levant \u00ab\u00a0. Je voulais comprendre comment Monet mettait ses couleurs afin de cr\u00e9er des formes simples mais compr\u00e9hensibles.<br \/>\nMon travail voulait tendre vers cette efficacit\u00e9 ici.<\/p>\n<p>Format 68x48cm logiciel : Krita<\/p>\n<p>&#8211;<\/p>\n<p><strong>VOIR PLUS DE D\u00c9TAILS DANS LA PUBLICATION <a href=\"https:\/\/www.instagram.com\/p\/DPlwFE3DEJY\/?img_index=1\" target=\"_blank\" rel=\"noopener\">INSTAGRAM<\/a><\/strong><\/p>\n<p>Impression r\u00e9alis\u00e9e sur CANVAS 350gr\/m\u00b2<\/p>\n","protected":false},"excerpt":{"rendered":"<p>Illustration r\u00e9alis\u00e9e en plusieurs live sur ma cha\u00eene Twitch Impression, la mont\u00e9e en puissance de l&rsquo; Imperium Quand l&rsquo;imperium monte \u00e0 l&rsquo;assaut. Pour cr\u00e9er cette sc\u00e8ne je me suis inspir\u00e9 du tableau de Monet \u00a0\u00bb impression soleil levant \u00ab\u00a0. Je voulais comprendre comment Monet mettait ses couleurs afin de cr\u00e9er des formes simples mais compr\u00e9hensibles. [&hellip;]<\/p>\n","protected":false},"featured_media":1576,"comment_status":"open","ping_status":"closed","template":"","meta":[],"product_brand":[],"product_cat":[16,20,29],"product_tag":[],"class_list":{"0":"post-1572","1":"product","2":"type-product","3":"status-publish","4":"has-post-thumbnail","6":"product_cat-poster","7":"product_cat-impressionnisme-poster","8":"product_cat-jeux-video","9":"product_shipping_class-gelato","11":"first","12":"instock","13":"taxable","14":"shipping-taxable","15":"purchasable","16":"product-type-variable"},"_links":{"self":[{"href":"https:\/\/coffee-time.fr\/boutique\/wp-json\/wp\/v2\/product\/1572","targetHints":{"allow":["GET"]}}],"collection":[{"href":"https:\/\/coffee-time.fr\/boutique\/wp-json\/wp\/v2\/product"}],"about":[{"href":"https:\/\/coffee-time.fr\/boutique\/wp-json\/wp\/v2\/types\/product"}],"replies":[{"embeddable":true,"href":"https:\/\/coffee-time.fr\/boutique\/wp-json\/wp\/v2\/comments?post=1572"}],"wp:featuredmedia":[{"embeddable":true,"href":"https:\/\/coffee-time.fr\/boutique\/wp-json\/wp\/v2\/media\/1576"}],"wp:attachment":[{"href":"https:\/\/coffee-time.fr\/boutique\/wp-json\/wp\/v2\/media?parent=1572"}],"wp:term":[{"taxonomy":"product_brand","embeddable":true,"href":"https:\/\/coffee-time.fr\/boutique\/wp-json\/wp\/v2\/product_brand?post=1572"},{"taxonomy":"product_cat","embeddable":true,"href":"https:\/\/coffee-time.fr\/boutique\/wp-json\/wp\/v2\/product_cat?post=1572"},{"taxonomy":"product_tag","embeddable":true,"href":"https:\/\/coffee-time.fr\/boutique\/wp-json\/wp\/v2\/product_tag?post=1572"}],"curies":[{"name":"wp","href":"https:\/\/api.w.org\/{rel}","templated":true}]}}