{"id":1600,"date":"2025-11-20T22:29:41","date_gmt":"2025-11-20T21:29:41","guid":{"rendered":"https:\/\/coffee-time.fr\/boutique\/produit\/moisson-en-ete\/"},"modified":"2025-11-30T11:45:23","modified_gmt":"2025-11-30T10:45:23","slug":"moisson-en-ete","status":"publish","type":"product","link":"https:\/\/coffee-time.fr\/boutique\/produit\/moisson-en-ete\/","title":{"rendered":"Moisson en \u00e9t\u00e9"},"content":{"rendered":"<p>&#8211; Illustration non canon, inspiration Bretonnie de warhammer m\u00e9lang\u00e9e avec warhammer 40.000.<\/p>\n<p>Je voulais ici illustrer un agri monde fa\u00e7on m\u00e9dieval tout en conservant le grim dark de 40k.<br \/>\nJe me suis inspir\u00e9 du croquis fait r\u00e9cemment ( visible sur mon profil ici ) mais \u00e9galement des meules de Monet.<br \/>\nVous avez donc un paysage m\u00e9dieval, mais avec des \u00e9l\u00e9ments de 40k : des chim\u00e8res version moissonneuse batteuse, la moto du space marine, quelques aeronefs qui volent dont un thunderhawk qui se pose devant la cit\u00e9.<br \/>\nLe tout se fait dans des couleurs d&rsquo;\u00e9t\u00e9, un ciel charg\u00e9 de nuages mais laissant toujours apparaitre le bleu.<\/p>\n<p>J&rsquo;esp\u00e8re que vous appr\u00e9cierez mon travail \ud83d\ude42<\/p>\n<p>&#8212;<\/p>\n<p>Illustration en d\u00e9tail sur\u00a0<a href=\"https:\/\/www.instagram.com\/p\/DRCl8sJDOFf\/?img_index=1\" target=\"_blank\" rel=\"noopener\">instagram\u00a0<\/a>:<\/p>\n","protected":false},"excerpt":{"rendered":"<p>&#8211; Illustration non canon, inspiration Bretonnie de warhammer m\u00e9lang\u00e9e avec warhammer 40.000. Je voulais ici illustrer un agri monde fa\u00e7on m\u00e9dieval tout en conservant le grim dark de 40k. Je me suis inspir\u00e9 du croquis fait r\u00e9cemment ( visible sur mon profil ici ) mais \u00e9galement des meules de Monet. Vous avez donc un paysage [&hellip;]<\/p>\n","protected":false},"featured_media":1604,"comment_status":"open","ping_status":"closed","template":"","meta":[],"product_brand":[],"product_cat":[20,29,35],"product_tag":[],"class_list":{"0":"post-1600","1":"product","2":"type-product","3":"status-publish","4":"has-post-thumbnail","6":"product_cat-impressionnisme-poster","7":"product_cat-jeux-video","8":"product_cat-tolkien-fantasy","9":"product_shipping_class-gelato","11":"first","12":"instock","13":"taxable","14":"shipping-taxable","15":"purchasable","16":"product-type-variable"},"_links":{"self":[{"href":"https:\/\/coffee-time.fr\/boutique\/wp-json\/wp\/v2\/product\/1600","targetHints":{"allow":["GET"]}}],"collection":[{"href":"https:\/\/coffee-time.fr\/boutique\/wp-json\/wp\/v2\/product"}],"about":[{"href":"https:\/\/coffee-time.fr\/boutique\/wp-json\/wp\/v2\/types\/product"}],"replies":[{"embeddable":true,"href":"https:\/\/coffee-time.fr\/boutique\/wp-json\/wp\/v2\/comments?post=1600"}],"wp:featuredmedia":[{"embeddable":true,"href":"https:\/\/coffee-time.fr\/boutique\/wp-json\/wp\/v2\/media\/1604"}],"wp:attachment":[{"href":"https:\/\/coffee-time.fr\/boutique\/wp-json\/wp\/v2\/media?parent=1600"}],"wp:term":[{"taxonomy":"product_brand","embeddable":true,"href":"https:\/\/coffee-time.fr\/boutique\/wp-json\/wp\/v2\/product_brand?post=1600"},{"taxonomy":"product_cat","embeddable":true,"href":"https:\/\/coffee-time.fr\/boutique\/wp-json\/wp\/v2\/product_cat?post=1600"},{"taxonomy":"product_tag","embeddable":true,"href":"https:\/\/coffee-time.fr\/boutique\/wp-json\/wp\/v2\/product_tag?post=1600"}],"curies":[{"name":"wp","href":"https:\/\/api.w.org\/{rel}","templated":true}]}}