{"id":1617,"date":"2025-11-30T15:11:14","date_gmt":"2025-11-30T14:11:14","guid":{"rendered":"https:\/\/coffee-time.fr\/boutique\/produit\/gouffre-de-helm-devant-les-remparts-part2\/"},"modified":"2025-11-30T18:02:58","modified_gmt":"2025-11-30T17:02:58","slug":"gouffre-de-helm-dle-capitaine-uruk-part2","status":"publish","type":"product","link":"https:\/\/coffee-time.fr\/boutique\/produit\/gouffre-de-helm-dle-capitaine-uruk-part2\/","title":{"rendered":"Gouffre de Helm &#8211; Le Capitaine Uruk &#8211; part2"},"content":{"rendered":"<p><strong>FORMAT 60X40CM<\/strong><\/p>\n<p>Illustration r\u00e9alis\u00e9e en plusieurs live sur ma cha\u00eene <a href=\"https:\/\/www.twitch.tv\/coffeetime\">Twitch<\/a><br \/>\nVoila la deuxi\u00e8me illustration de ce gros projet sur le gouffre de Helm, une fois l&rsquo;arm\u00e9e devant le gouffre, le capitaine vocif\u00e8re, et intimide les soldats du rohan, la bataille va d\u00e9buter.<\/p>\n<p><strong>TOUT SAVOIR SUR LE PROJET <a href=\"https:\/\/coffee-time.fr\/boutique\/le-gouffre-de-helm-5-illustrations-pour-une-bataille\/\" target=\"_blank\" rel=\"noopener\">GOUFFRE DE HELM<\/a><\/strong><\/p>\n<hr \/>\n<p>&nbsp;<\/p>\n<p><strong>VOIR PLUS DE D\u00c9TAILS DANS LA PUBLICATION <a href=\"https:\/\/www.instagram.com\/p\/DHeA_0ABtZi\/?img_index=1\" target=\"_blank\" rel=\"noopener\">INSTAGRAM<\/a><\/strong><\/p>\n<p>Impression r\u00e9alis\u00e9e sur CANVAS 350gr\/m\u00b2<\/p>\n","protected":false},"excerpt":{"rendered":"<p>FORMAT 60X40CM Illustration r\u00e9alis\u00e9e en plusieurs live sur ma cha\u00eene Twitch Voila la deuxi\u00e8me illustration de ce gros projet sur le gouffre de Helm, une fois l&rsquo;arm\u00e9e devant le gouffre, le capitaine vocif\u00e8re, et intimide les soldats du rohan, la bataille va d\u00e9buter. TOUT SAVOIR SUR LE PROJET GOUFFRE DE HELM &nbsp; VOIR PLUS DE [&hellip;]<\/p>\n","protected":false},"featured_media":1616,"comment_status":"open","ping_status":"closed","template":"","meta":[],"product_brand":[],"product_cat":[39,16,20,35],"product_tag":[38],"class_list":{"0":"post-1617","1":"product","2":"type-product","3":"status-publish","4":"has-post-thumbnail","6":"product_cat-helm","7":"product_cat-poster","8":"product_cat-impressionnisme-poster","9":"product_cat-tolkien-fantasy","10":"product_tag-gouffre-de-helm","12":"first","13":"instock","14":"taxable","15":"shipping-taxable","16":"purchasable","17":"product-type-simple"},"_links":{"self":[{"href":"https:\/\/coffee-time.fr\/boutique\/wp-json\/wp\/v2\/product\/1617","targetHints":{"allow":["GET"]}}],"collection":[{"href":"https:\/\/coffee-time.fr\/boutique\/wp-json\/wp\/v2\/product"}],"about":[{"href":"https:\/\/coffee-time.fr\/boutique\/wp-json\/wp\/v2\/types\/product"}],"replies":[{"embeddable":true,"href":"https:\/\/coffee-time.fr\/boutique\/wp-json\/wp\/v2\/comments?post=1617"}],"wp:featuredmedia":[{"embeddable":true,"href":"https:\/\/coffee-time.fr\/boutique\/wp-json\/wp\/v2\/media\/1616"}],"wp:attachment":[{"href":"https:\/\/coffee-time.fr\/boutique\/wp-json\/wp\/v2\/media?parent=1617"}],"wp:term":[{"taxonomy":"product_brand","embeddable":true,"href":"https:\/\/coffee-time.fr\/boutique\/wp-json\/wp\/v2\/product_brand?post=1617"},{"taxonomy":"product_cat","embeddable":true,"href":"https:\/\/coffee-time.fr\/boutique\/wp-json\/wp\/v2\/product_cat?post=1617"},{"taxonomy":"product_tag","embeddable":true,"href":"https:\/\/coffee-time.fr\/boutique\/wp-json\/wp\/v2\/product_tag?post=1617"}],"curies":[{"name":"wp","href":"https:\/\/api.w.org\/{rel}","templated":true}]}}