{"id":1621,"date":"2025-11-30T15:14:29","date_gmt":"2025-11-30T14:14:29","guid":{"rendered":"https:\/\/coffee-time.fr\/boutique\/produit\/gouffre-de-helm-devant-les-remparts-part4\/"},"modified":"2025-11-30T18:02:17","modified_gmt":"2025-11-30T17:02:17","slug":"gouffre-de-helm-la-pluie-de-fleches-part4","status":"publish","type":"product","link":"https:\/\/coffee-time.fr\/boutique\/produit\/gouffre-de-helm-la-pluie-de-fleches-part4\/","title":{"rendered":"Gouffre de Helm &#8211; La pluie de fl\u00e8ches &#8211; Part4"},"content":{"rendered":"<p><strong>FORMAT 60x20CM<\/strong><br \/>\nIllustration r\u00e9alis\u00e9e en plusieurs live sur ma cha\u00eene <a href=\"https:\/\/www.twitch.tv\/coffeetime\">Twitch<\/a><br \/>\nLa pluie de fl\u00e8ches<br \/>\n&#8212;<br \/>\nVoila la quatri\u00e8me illustration de ce gros projet sur le gouffre de Helm. L&rsquo;ordre va tomber, les fl\u00e8ches vont pleuvoir sur l&rsquo;ennemi !<br \/>\n<strong>TOUT SAVOIR SUR LE PROJET <a href=\"https:\/\/coffee-time.fr\/boutique\/le-gouffre-de-helm-5-illustrations-pour-une-bataille\/\" target=\"_blank\" rel=\"noopener\">GOUFFRE DE HELM<\/a><\/strong><\/p>\n<hr \/>\n<p>&nbsp;<\/p>\n<p><strong>VOIR PLUS DE D\u00c9TAILS DANS LA PUBLICATION <a href=\"https:\/\/www.instagram.com\/p\/DHoUwEJKCz4\/?img_index=1\" target=\"_blank\" rel=\"noopener\">INSTAGRAM<\/a><\/strong><\/p>\n<p>Impression r\u00e9alis\u00e9e sur CANVAS 350gr\/m\u00b2<\/p>\n","protected":false},"excerpt":{"rendered":"<p>FORMAT 60x20CM Illustration r\u00e9alis\u00e9e en plusieurs live sur ma cha\u00eene Twitch La pluie de fl\u00e8ches &#8212; Voila la quatri\u00e8me illustration de ce gros projet sur le gouffre de Helm. L&rsquo;ordre va tomber, les fl\u00e8ches vont pleuvoir sur l&rsquo;ennemi ! TOUT SAVOIR SUR LE PROJET GOUFFRE DE HELM &nbsp; VOIR PLUS DE D\u00c9TAILS DANS LA PUBLICATION [&hellip;]<\/p>\n","protected":false},"featured_media":1620,"comment_status":"open","ping_status":"closed","template":"","meta":[],"product_brand":[],"product_cat":[39,16,20,35],"product_tag":[38],"class_list":{"0":"post-1621","1":"product","2":"type-product","3":"status-publish","4":"has-post-thumbnail","6":"product_cat-helm","7":"product_cat-poster","8":"product_cat-impressionnisme-poster","9":"product_cat-tolkien-fantasy","10":"product_tag-gouffre-de-helm","12":"first","13":"instock","14":"taxable","15":"shipping-taxable","16":"purchasable","17":"product-type-simple"},"_links":{"self":[{"href":"https:\/\/coffee-time.fr\/boutique\/wp-json\/wp\/v2\/product\/1621","targetHints":{"allow":["GET"]}}],"collection":[{"href":"https:\/\/coffee-time.fr\/boutique\/wp-json\/wp\/v2\/product"}],"about":[{"href":"https:\/\/coffee-time.fr\/boutique\/wp-json\/wp\/v2\/types\/product"}],"replies":[{"embeddable":true,"href":"https:\/\/coffee-time.fr\/boutique\/wp-json\/wp\/v2\/comments?post=1621"}],"wp:featuredmedia":[{"embeddable":true,"href":"https:\/\/coffee-time.fr\/boutique\/wp-json\/wp\/v2\/media\/1620"}],"wp:attachment":[{"href":"https:\/\/coffee-time.fr\/boutique\/wp-json\/wp\/v2\/media?parent=1621"}],"wp:term":[{"taxonomy":"product_brand","embeddable":true,"href":"https:\/\/coffee-time.fr\/boutique\/wp-json\/wp\/v2\/product_brand?post=1621"},{"taxonomy":"product_cat","embeddable":true,"href":"https:\/\/coffee-time.fr\/boutique\/wp-json\/wp\/v2\/product_cat?post=1621"},{"taxonomy":"product_tag","embeddable":true,"href":"https:\/\/coffee-time.fr\/boutique\/wp-json\/wp\/v2\/product_tag?post=1621"}],"curies":[{"name":"wp","href":"https:\/\/api.w.org\/{rel}","templated":true}]}}