{"id":1624,"date":"2025-11-30T15:15:47","date_gmt":"2025-11-30T14:15:47","guid":{"rendered":"https:\/\/coffee-time.fr\/boutique\/produit\/gouffre-de-helm-devant-les-remparts-part5\/"},"modified":"2025-11-30T18:02:00","modified_gmt":"2025-11-30T17:02:00","slug":"gouffre-de-helm-que-la-bataille-commence-part5","status":"publish","type":"product","link":"https:\/\/coffee-time.fr\/boutique\/produit\/gouffre-de-helm-que-la-bataille-commence-part5\/","title":{"rendered":"Gouffre de Helm &#8211; Que la bataille commence ! &#8211; Part5"},"content":{"rendered":"<p><strong>FORMAT 30x100cm<\/strong><br \/>\nIllustration r\u00e9alis\u00e9e en plusieurs live sur ma cha\u00eene <a href=\"https:\/\/www.twitch.tv\/coffeetime\">Twitch<\/a><br \/>\nVoila la cinqui\u00e8me et derni\u00e8re illustration de ce gros projet sur le gouffre de Helm.<br \/>\nLes uruk hai sont lanc\u00e9s, les hommes font face , seuls ( o\u00f9 \u00e9tait le Gondor ? )<br \/>\n<strong><br \/>\nTOUT SAVOIR SUR LE PROJET <a href=\"https:\/\/coffee-time.fr\/boutique\/le-gouffre-de-helm-5-illustrations-pour-une-bataille\/\" target=\"_blank\" rel=\"noopener\">GOUFFRE DE HELM<\/a><\/strong><\/p>\n<hr \/>\n<p>&nbsp;<\/p>\n<p><strong>VOIR PLUS DE D\u00c9TAILS DANS LA PUBLICATION <a href=\"https:\/\/www.instagram.com\/p\/DHrNjSXyAv-\/?img_index=1\" target=\"_blank\" rel=\"noopener\">INSTAGRAM<\/a><\/strong><\/p>\n<p>Impression r\u00e9alis\u00e9e sur CANVAS 350gr\/m\u00b2<\/p>\n","protected":false},"excerpt":{"rendered":"<p>FORMAT 30x100cm Illustration r\u00e9alis\u00e9e en plusieurs live sur ma cha\u00eene Twitch Voila la cinqui\u00e8me et derni\u00e8re illustration de ce gros projet sur le gouffre de Helm. Les uruk hai sont lanc\u00e9s, les hommes font face , seuls ( o\u00f9 \u00e9tait le Gondor ? ) TOUT SAVOIR SUR LE PROJET GOUFFRE DE HELM &nbsp; VOIR PLUS [&hellip;]<\/p>\n","protected":false},"featured_media":1623,"comment_status":"open","ping_status":"closed","template":"","meta":[],"product_brand":[],"product_cat":[39,16,20,35],"product_tag":[38],"class_list":{"0":"post-1624","1":"product","2":"type-product","3":"status-publish","4":"has-post-thumbnail","6":"product_cat-helm","7":"product_cat-poster","8":"product_cat-impressionnisme-poster","9":"product_cat-tolkien-fantasy","10":"product_tag-gouffre-de-helm","12":"first","13":"instock","14":"taxable","15":"shipping-taxable","16":"purchasable","17":"product-type-simple"},"_links":{"self":[{"href":"https:\/\/coffee-time.fr\/boutique\/wp-json\/wp\/v2\/product\/1624","targetHints":{"allow":["GET"]}}],"collection":[{"href":"https:\/\/coffee-time.fr\/boutique\/wp-json\/wp\/v2\/product"}],"about":[{"href":"https:\/\/coffee-time.fr\/boutique\/wp-json\/wp\/v2\/types\/product"}],"replies":[{"embeddable":true,"href":"https:\/\/coffee-time.fr\/boutique\/wp-json\/wp\/v2\/comments?post=1624"}],"wp:featuredmedia":[{"embeddable":true,"href":"https:\/\/coffee-time.fr\/boutique\/wp-json\/wp\/v2\/media\/1623"}],"wp:attachment":[{"href":"https:\/\/coffee-time.fr\/boutique\/wp-json\/wp\/v2\/media?parent=1624"}],"wp:term":[{"taxonomy":"product_brand","embeddable":true,"href":"https:\/\/coffee-time.fr\/boutique\/wp-json\/wp\/v2\/product_brand?post=1624"},{"taxonomy":"product_cat","embeddable":true,"href":"https:\/\/coffee-time.fr\/boutique\/wp-json\/wp\/v2\/product_cat?post=1624"},{"taxonomy":"product_tag","embeddable":true,"href":"https:\/\/coffee-time.fr\/boutique\/wp-json\/wp\/v2\/product_tag?post=1624"}],"curies":[{"name":"wp","href":"https:\/\/api.w.org\/{rel}","templated":true}]}}