{"id":1644,"date":"2025-11-30T17:30:30","date_gmt":"2025-11-30T16:30:30","guid":{"rendered":"https:\/\/coffee-time.fr\/boutique\/produit\/arrivee-sur-fenris\/"},"modified":"2025-12-02T14:27:55","modified_gmt":"2025-12-02T13:27:55","slug":"arrivee-sur-fenris","status":"publish","type":"product","link":"https:\/\/coffee-time.fr\/boutique\/produit\/arrivee-sur-fenris\/","title":{"rendered":"Arriv\u00e9e sur Fenris"},"content":{"rendered":"<p>Illustration r\u00e9alis\u00e9e en plusieurs live sur ma cha\u00eene <a href=\"https:\/\/www.twitch.tv\/coffeetime\">Twitch<\/a><\/p>\n<p>&#8211;<\/p>\n<p>Alors que l&rsquo;enfant, futur Leman Russ encore endormi dans sa capsule vient d&rsquo;arriver sur Fenris, des loups Fenrisiens l&rsquo;accueillent et le prot\u00e8gent de tout danger.<\/p>\n<hr \/>\n<p><strong>VOIR PLUS DE D\u00c9TAILS DANS LA PUBLICATION\u00a0<\/strong><a href=\"https:\/\/www.instagram.com\/p\/DRowZBuDK-f\/\" target=\"_blank\" rel=\"noopener\">INSTAGRAM<\/a><\/p>\n<p>Impression r\u00e9alis\u00e9e sur CANVAS 350gr\/m\u00b2<\/p>\n","protected":false},"excerpt":{"rendered":"<p>Illustration r\u00e9alis\u00e9e en plusieurs live sur ma cha\u00eene Twitch &#8211; Alors que l&rsquo;enfant, futur Leman Russ encore endormi dans sa capsule vient d&rsquo;arriver sur Fenris, des loups Fenrisiens l&rsquo;accueillent et le prot\u00e8gent de tout danger. VOIR PLUS DE D\u00c9TAILS DANS LA PUBLICATION\u00a0INSTAGRAM Impression r\u00e9alis\u00e9e sur CANVAS 350gr\/m\u00b2<\/p>\n","protected":false},"featured_media":1643,"comment_status":"open","ping_status":"closed","template":"","meta":[],"product_brand":[],"product_cat":[20,29],"product_tag":[],"class_list":{"0":"post-1644","1":"product","2":"type-product","3":"status-publish","4":"has-post-thumbnail","6":"product_cat-impressionnisme-poster","7":"product_cat-jeux-video","9":"first","10":"instock","11":"taxable","12":"shipping-taxable","13":"purchasable","14":"product-type-variable","15":"has-default-attributes"},"_links":{"self":[{"href":"https:\/\/coffee-time.fr\/boutique\/wp-json\/wp\/v2\/product\/1644","targetHints":{"allow":["GET"]}}],"collection":[{"href":"https:\/\/coffee-time.fr\/boutique\/wp-json\/wp\/v2\/product"}],"about":[{"href":"https:\/\/coffee-time.fr\/boutique\/wp-json\/wp\/v2\/types\/product"}],"replies":[{"embeddable":true,"href":"https:\/\/coffee-time.fr\/boutique\/wp-json\/wp\/v2\/comments?post=1644"}],"wp:featuredmedia":[{"embeddable":true,"href":"https:\/\/coffee-time.fr\/boutique\/wp-json\/wp\/v2\/media\/1643"}],"wp:attachment":[{"href":"https:\/\/coffee-time.fr\/boutique\/wp-json\/wp\/v2\/media?parent=1644"}],"wp:term":[{"taxonomy":"product_brand","embeddable":true,"href":"https:\/\/coffee-time.fr\/boutique\/wp-json\/wp\/v2\/product_brand?post=1644"},{"taxonomy":"product_cat","embeddable":true,"href":"https:\/\/coffee-time.fr\/boutique\/wp-json\/wp\/v2\/product_cat?post=1644"},{"taxonomy":"product_tag","embeddable":true,"href":"https:\/\/coffee-time.fr\/boutique\/wp-json\/wp\/v2\/product_tag?post=1644"}],"curies":[{"name":"wp","href":"https:\/\/api.w.org\/{rel}","templated":true}]}}