{"id":1648,"date":"2025-11-30T17:32:25","date_gmt":"2025-11-30T16:32:25","guid":{"rendered":"https:\/\/coffee-time.fr\/boutique\/produit\/matin-sur-la-cite\/"},"modified":"2025-11-30T17:32:28","modified_gmt":"2025-11-30T16:32:28","slug":"matin-sur-la-cite","status":"publish","type":"product","link":"https:\/\/coffee-time.fr\/boutique\/produit\/matin-sur-la-cite\/","title":{"rendered":"Matin sur la cit\u00e9"},"content":{"rendered":"<p>Illustration r\u00e9alis\u00e9e en plusieurs live sur ma cha\u00eene <a href=\"https:\/\/www.twitch.tv\/coffeetime\">Twitch<\/a><br \/>Au lever du soleil sur la cit\u00e9, les deux compagnons savourent le paysage qui s\u2019illumine peu \u00e0 peu devant eux.<\/p>\n<hr \/>\n<p>\u00a0<\/p>\n<p><strong>VOIR PLUS DE D\u00c9TAILS DANS LA PUBLICATION\u00a0<\/strong><a href=\"https:\/\/www.instagram.com\/mr_coffee_time\/p\/DRcXmbUDCsn\/\" target=\"_blank\">INSTAGRAM<\/a><\/p>\n<p>Impression r\u00e9alis\u00e9e sur CANVAS 350gr\/m\u00b2<\/p>\n<ul>\n<\/ul>\n","protected":false},"excerpt":{"rendered":"<p>Illustration r\u00e9alis\u00e9e en plusieurs live sur ma cha\u00eene TwitchAu lever du soleil sur la cit\u00e9, les deux compagnons savourent le paysage qui s\u2019illumine peu \u00e0 peu devant eux. \u00a0 VOIR PLUS DE D\u00c9TAILS DANS LA PUBLICATION\u00a0INSTAGRAM Impression r\u00e9alis\u00e9e sur CANVAS 350gr\/m\u00b2<\/p>\n","protected":false},"featured_media":1647,"comment_status":"open","ping_status":"closed","template":"","meta":[],"product_brand":[],"product_cat":[16,20,27],"product_tag":[],"class_list":{"0":"post-1648","1":"product","2":"type-product","3":"status-publish","4":"has-post-thumbnail","6":"product_cat-poster","7":"product_cat-impressionnisme-poster","8":"product_cat-fs","10":"first","11":"instock","12":"taxable","13":"shipping-taxable","14":"purchasable","15":"product-type-variable"},"_links":{"self":[{"href":"https:\/\/coffee-time.fr\/boutique\/wp-json\/wp\/v2\/product\/1648","targetHints":{"allow":["GET"]}}],"collection":[{"href":"https:\/\/coffee-time.fr\/boutique\/wp-json\/wp\/v2\/product"}],"about":[{"href":"https:\/\/coffee-time.fr\/boutique\/wp-json\/wp\/v2\/types\/product"}],"replies":[{"embeddable":true,"href":"https:\/\/coffee-time.fr\/boutique\/wp-json\/wp\/v2\/comments?post=1648"}],"wp:featuredmedia":[{"embeddable":true,"href":"https:\/\/coffee-time.fr\/boutique\/wp-json\/wp\/v2\/media\/1647"}],"wp:attachment":[{"href":"https:\/\/coffee-time.fr\/boutique\/wp-json\/wp\/v2\/media?parent=1648"}],"wp:term":[{"taxonomy":"product_brand","embeddable":true,"href":"https:\/\/coffee-time.fr\/boutique\/wp-json\/wp\/v2\/product_brand?post=1648"},{"taxonomy":"product_cat","embeddable":true,"href":"https:\/\/coffee-time.fr\/boutique\/wp-json\/wp\/v2\/product_cat?post=1648"},{"taxonomy":"product_tag","embeddable":true,"href":"https:\/\/coffee-time.fr\/boutique\/wp-json\/wp\/v2\/product_tag?post=1648"}],"curies":[{"name":"wp","href":"https:\/\/api.w.org\/{rel}","templated":true}]}}