{"id":1684,"date":"2026-02-02T09:38:01","date_gmt":"2026-02-02T08:38:01","guid":{"rendered":"https:\/\/coffee-time.fr\/boutique\/produit\/shadrak-meduson-la-legion-eclatee\/"},"modified":"2026-02-02T09:38:03","modified_gmt":"2026-02-02T08:38:03","slug":"shadrak-meduson-la-legion-eclatee","status":"publish","type":"product","link":"https:\/\/coffee-time.fr\/boutique\/produit\/shadrak-meduson-la-legion-eclatee\/","title":{"rendered":"Shadrak Meduson &#8211; La legion eclat\u00e9e."},"content":{"rendered":"<p>Illustration r\u00e9alis\u00e9e en plusieurs live sur ma cha\u00eene <a href=\"https:\/\/www.twitch.tv\/coffeetime\">Twitch<\/a><\/p>\n<hr \/>\n<p>Voici Shadrak Meduson avec sa l\u00e9gion de loyaliste venant de trois chapitres diff\u00e9rents. Raven Guard, Salamanders et iron hands se battent ensemble contre Horus et son h\u00e9r\u00e9sie !<\/p>\n<p>&#8211;<\/p>\n<p><strong>VOIR PLUS DE D\u00c9TAILS DANS LA PUBLICATION\u00a0<\/strong><a href=\"https:\/\/www.instagram.com\/p\/DS44uLIDGFa\/?img_index=1\" target=\"_blank\">INSTAGRAM<\/a><\/p>\n<p>\u00a0<\/p>\n<p>\u00a0<\/p>\n<p>Impression r\u00e9alis\u00e9e sur CANVAS 350gr\/m\u00b2<\/p>\n","protected":false},"excerpt":{"rendered":"<p>Illustration r\u00e9alis\u00e9e en plusieurs live sur ma cha\u00eene Twitch Voici Shadrak Meduson avec sa l\u00e9gion de loyaliste venant de trois chapitres diff\u00e9rents. Raven Guard, Salamanders et iron hands se battent ensemble contre Horus et son h\u00e9r\u00e9sie ! &#8211; VOIR PLUS DE D\u00c9TAILS DANS LA PUBLICATION\u00a0INSTAGRAM \u00a0 \u00a0 Impression r\u00e9alis\u00e9e sur CANVAS 350gr\/m\u00b2<\/p>\n","protected":false},"featured_media":1683,"comment_status":"open","ping_status":"closed","template":"","meta":[],"product_brand":[],"product_cat":[20,29],"product_tag":[],"class_list":{"0":"post-1684","1":"product","2":"type-product","3":"status-publish","4":"has-post-thumbnail","6":"product_cat-impressionnisme-poster","7":"product_cat-jeux-video","9":"first","10":"instock","11":"taxable","12":"shipping-taxable","13":"purchasable","14":"product-type-variable"},"_links":{"self":[{"href":"https:\/\/coffee-time.fr\/boutique\/wp-json\/wp\/v2\/product\/1684","targetHints":{"allow":["GET"]}}],"collection":[{"href":"https:\/\/coffee-time.fr\/boutique\/wp-json\/wp\/v2\/product"}],"about":[{"href":"https:\/\/coffee-time.fr\/boutique\/wp-json\/wp\/v2\/types\/product"}],"replies":[{"embeddable":true,"href":"https:\/\/coffee-time.fr\/boutique\/wp-json\/wp\/v2\/comments?post=1684"}],"wp:featuredmedia":[{"embeddable":true,"href":"https:\/\/coffee-time.fr\/boutique\/wp-json\/wp\/v2\/media\/1683"}],"wp:attachment":[{"href":"https:\/\/coffee-time.fr\/boutique\/wp-json\/wp\/v2\/media?parent=1684"}],"wp:term":[{"taxonomy":"product_brand","embeddable":true,"href":"https:\/\/coffee-time.fr\/boutique\/wp-json\/wp\/v2\/product_brand?post=1684"},{"taxonomy":"product_cat","embeddable":true,"href":"https:\/\/coffee-time.fr\/boutique\/wp-json\/wp\/v2\/product_cat?post=1684"},{"taxonomy":"product_tag","embeddable":true,"href":"https:\/\/coffee-time.fr\/boutique\/wp-json\/wp\/v2\/product_tag?post=1684"}],"curies":[{"name":"wp","href":"https:\/\/api.w.org\/{rel}","templated":true}]}}