{"id":1689,"date":"2026-02-02T09:41:49","date_gmt":"2026-02-02T08:41:49","guid":{"rendered":"https:\/\/coffee-time.fr\/boutique\/produit\/sur-les-traces-du-passe\/"},"modified":"2026-02-02T09:41:50","modified_gmt":"2026-02-02T08:41:50","slug":"sur-les-traces-du-passe","status":"publish","type":"product","link":"https:\/\/coffee-time.fr\/boutique\/produit\/sur-les-traces-du-passe\/","title":{"rendered":"Sur les traces du pass\u00e9"},"content":{"rendered":"<p>Illustration r\u00e9alis\u00e9e en plusieurs live sur ma cha\u00eene <a href=\"https:\/\/www.twitch.tv\/coffeetime\">Twitch<\/a><\/p>\n<hr \/>\n<p>Sur les traces du pass\u00e9<\/p>\n<p>Dans cette illustration j&rsquo;ai voulu m\u00e9langer \u00e0 la fois le lore des Aeldari et l&rsquo;inspiration de Monet.<\/p>\n<p>Je me suis inspir\u00e9 de la promenade sur la falaise, Pourville de Monet afin de cr\u00e9er le sujet. Ici la notion de retour dans le pass\u00e9, de la nostalgie est importante. On voit un Aeldari, retournant sur les lieux o\u00f9 sa civilisation a prosp\u00e9r\u00e9.<br \/>\nSi vous pr\u00eatez attention \u00e0 l&rsquo;effet miroir de l&rsquo;eau, vous verrez les b\u00e2timents intacts.<\/p>\n<p>&#8211;<\/p>\n<p><strong>VOIR PLUS DE D\u00c9TAILS DANS LA PUBLICATION\u00a0<\/strong><a href=\"https:\/\/www.instagram.com\/p\/DTSzMGZjOmz\/?img_index=1\" target=\"_blank\">INSTAGRAM<\/a><\/p>\n<p>\u00a0<\/p>\n<p>\u00a0<\/p>\n<p>Impression r\u00e9alis\u00e9e sur CANVAS 350gr\/m\u00b2<\/p>\n","protected":false},"excerpt":{"rendered":"<p>Illustration r\u00e9alis\u00e9e en plusieurs live sur ma cha\u00eene Twitch Sur les traces du pass\u00e9 Dans cette illustration j&rsquo;ai voulu m\u00e9langer \u00e0 la fois le lore des Aeldari et l&rsquo;inspiration de Monet. Je me suis inspir\u00e9 de la promenade sur la falaise, Pourville de Monet afin de cr\u00e9er le sujet. Ici la notion de retour dans [&hellip;]<\/p>\n","protected":false},"featured_media":1688,"comment_status":"open","ping_status":"closed","template":"","meta":[],"product_brand":[],"product_cat":[16,20],"product_tag":[],"class_list":{"0":"post-1689","1":"product","2":"type-product","3":"status-publish","4":"has-post-thumbnail","6":"product_cat-poster","7":"product_cat-impressionnisme-poster","9":"first","10":"instock","11":"taxable","12":"shipping-taxable","13":"purchasable","14":"product-type-variable"},"_links":{"self":[{"href":"https:\/\/coffee-time.fr\/boutique\/wp-json\/wp\/v2\/product\/1689","targetHints":{"allow":["GET"]}}],"collection":[{"href":"https:\/\/coffee-time.fr\/boutique\/wp-json\/wp\/v2\/product"}],"about":[{"href":"https:\/\/coffee-time.fr\/boutique\/wp-json\/wp\/v2\/types\/product"}],"replies":[{"embeddable":true,"href":"https:\/\/coffee-time.fr\/boutique\/wp-json\/wp\/v2\/comments?post=1689"}],"wp:featuredmedia":[{"embeddable":true,"href":"https:\/\/coffee-time.fr\/boutique\/wp-json\/wp\/v2\/media\/1688"}],"wp:attachment":[{"href":"https:\/\/coffee-time.fr\/boutique\/wp-json\/wp\/v2\/media?parent=1689"}],"wp:term":[{"taxonomy":"product_brand","embeddable":true,"href":"https:\/\/coffee-time.fr\/boutique\/wp-json\/wp\/v2\/product_brand?post=1689"},{"taxonomy":"product_cat","embeddable":true,"href":"https:\/\/coffee-time.fr\/boutique\/wp-json\/wp\/v2\/product_cat?post=1689"},{"taxonomy":"product_tag","embeddable":true,"href":"https:\/\/coffee-time.fr\/boutique\/wp-json\/wp\/v2\/product_tag?post=1689"}],"curies":[{"name":"wp","href":"https:\/\/api.w.org\/{rel}","templated":true}]}}